{"id":114,"date":"2025-05-29T17:10:05","date_gmt":"2025-05-29T21:10:05","guid":{"rendered":"https:\/\/dev.k2bsolutions.com\/?page_id=114"},"modified":"2025-09-12T15:56:35","modified_gmt":"2025-09-12T19:56:35","slug":"sales-training-programs-development-implementation","status":"publish","type":"page","link":"https:\/\/k2bsolutions.com\/fr\/sales-training\/sales-training-programs-development-implementation\/","title":{"rendered":"Programmes de formation \u00e0 la vente\u00a0: d\u00e9veloppement et mise en \u0153uvre"},"content":{"rendered":"<div class=\"wp-block-buttons is-content-justification-center is-layout-flex wp-container-core-buttons-is-layout-16018d1d wp-block-buttons-is-layout-flex\">\n<div class=\"wp-block-button\"><a class=\"wp-block-button__link has-text-align-center wp-element-button\" href=\"https:\/\/k2bsolutions.com\/fr\/sales-training\/\">Formation \u00e0 la vente<\/a><\/div>\n\n\n\n<div class=\"wp-block-button\"><a class=\"wp-block-button__link has-text-align-center wp-element-button\" href=\"https:\/\/k2bsolutions.com\/fr\/sales-training\/sales-management-training\/\">Formation en gestion des ventes<\/a><\/div>\n\n\n\n<div class=\"wp-block-button\"><a class=\"wp-block-button__link has-text-align-center wp-element-button\" href=\"https:\/\/k2bsolutions.com\/fr\/sales-training\/sales-coaching-individual-or-team\/\">Coaching de vente (individuel ou en \u00e9quipe)<\/a><\/div>\n<\/div>\n\n\n\n<p><br>Il est essentiel que le message de votre entreprise soit transmis par votre \u00e9quipe commerciale de mani\u00e8re coh\u00e9rente, concise et efficace. Sans formation, supports et orientations d&#039;entreprise ad\u00e9quats, il est fort probable que votre \u00e9quipe commerciale n&#039;atteigne pas les r\u00e9sultats escompt\u00e9s.<\/p>\n\n\n\n<p><br>K2 Business Solutions peut \u00e9laborer un programme de formation personnalis\u00e9, dispens\u00e9 par votre \u00e9quipe de direction ou par nos soins. Notre priorit\u00e9 est de garantir que votre \u00e9quipe commerciale ma\u00eetrise tous les aspects de la formation. <strong>Cycle de vente<\/strong>, et qu&#039;ils peuvent pr\u00e9senter efficacement vos produits\/services.<\/p>\n\n\n\n<p><\/p>","protected":false},"excerpt":{"rendered":"<p>Il est essentiel que le message de votre entreprise soit v\u00e9hicul\u00e9 par votre \u00e9quipe commerciale de mani\u00e8re coh\u00e9rente, concise et efficace. Sans formation ad\u00e9quate, sans supports de communication et sans vision et orientation globales claires, il est fort probable que votre \u00e9quipe commerciale n&#039;atteigne pas les r\u00e9sultats escompt\u00e9s. K2 Business Solutions peut concevoir un programme de formation sur mesure qui [\u2026]<\/p>","protected":false},"author":1,"featured_media":662,"parent":108,"menu_order":0,"comment_status":"closed","ping_status":"closed","template":"templates\/template-page-full-width.php","meta":{"footnotes":""},"class_list":["post-114","page","type-page","status-publish","has-post-thumbnail","hentry"],"_links":{"self":[{"href":"https:\/\/k2bsolutions.com\/fr\/wp-json\/wp\/v2\/pages\/114","targetHints":{"allow":["GET"]}}],"collection":[{"href":"https:\/\/k2bsolutions.com\/fr\/wp-json\/wp\/v2\/pages"}],"about":[{"href":"https:\/\/k2bsolutions.com\/fr\/wp-json\/wp\/v2\/types\/page"}],"author":[{"embeddable":true,"href":"https:\/\/k2bsolutions.com\/fr\/wp-json\/wp\/v2\/users\/1"}],"replies":[{"embeddable":true,"href":"https:\/\/k2bsolutions.com\/fr\/wp-json\/wp\/v2\/comments?post=114"}],"version-history":[{"count":8,"href":"https:\/\/k2bsolutions.com\/fr\/wp-json\/wp\/v2\/pages\/114\/revisions"}],"predecessor-version":[{"id":704,"href":"https:\/\/k2bsolutions.com\/fr\/wp-json\/wp\/v2\/pages\/114\/revisions\/704"}],"up":[{"embeddable":true,"href":"https:\/\/k2bsolutions.com\/fr\/wp-json\/wp\/v2\/pages\/108"}],"wp:featuredmedia":[{"embeddable":true,"href":"https:\/\/k2bsolutions.com\/fr\/wp-json\/wp\/v2\/media\/662"}],"wp:attachment":[{"href":"https:\/\/k2bsolutions.com\/fr\/wp-json\/wp\/v2\/media?parent=114"}],"curies":[{"name":"wp","href":"https:\/\/api.w.org\/{rel}","templated":true}]}}