{"id":140,"date":"2025-05-31T16:35:27","date_gmt":"2025-05-31T20:35:27","guid":{"rendered":"https:\/\/dev.k2bsolutions.com\/?page_id=140"},"modified":"2025-09-12T16:07:56","modified_gmt":"2025-09-12T20:07:56","slug":"business-coaching","status":"publish","type":"page","link":"https:\/\/k2bsolutions.com\/fr\/business-coaching\/","title":{"rendered":"Coaching d&#039;entreprise"},"content":{"rendered":"<div class=\"wp-block-buttons is-content-justification-center is-layout-flex wp-container-core-buttons-is-layout-16018d1d wp-block-buttons-is-layout-flex\">\n<div class=\"wp-block-button\"><a class=\"wp-block-button__link has-text-align-center wp-element-button\" href=\"https:\/\/k2bsolutions.com\/fr\/business-coaching\/business-focus\/\">Focus sur les affaires<\/a><\/div>\n\n\n\n<div class=\"wp-block-button\"><a class=\"wp-block-button__link has-text-align-center wp-element-button\" href=\"https:\/\/k2bsolutions.com\/fr\/business-coaching\/time-management\/\">Gestion du temps<\/a><\/div>\n\n\n\n<div class=\"wp-block-button\"><a class=\"wp-block-button__link has-text-align-center wp-element-button\" href=\"https:\/\/k2bsolutions.com\/fr\/business-coaching\/managing-planning-for-growth\/\">Gestion et planification de la croissance<\/a><\/div>\n<\/div>\n\n\n\n<p><br>La plupart des gens se retrouvent \u00e0 travailler \u00ab dans \u00bb leur entreprise plut\u00f4t que \u00ab sur \u00bb leur entreprise. Les exigences des clients et un march\u00e9 concurrentiel limitent souvent les possibilit\u00e9s d&#039;action des entreprises au-del\u00e0 de la gestion des pr\u00e9occupations quotidiennes. Nombre de dirigeants de PME ne disposent pas d&#039;un encadrement solide pour \u00e9changer des id\u00e9es et manquent souvent des comp\u00e9tences de leadership n\u00e9cessaires pour r\u00e9ussir \u00e0 d\u00e9velopper leur activit\u00e9.<\/p>\n\n\n\n<p><br>En tant que coach d&#039;affaires, le r\u00f4le de K2 Business Solutions est de vous aider \u00e0 d\u00e9velopper votre activit\u00e9. Nous apportons exp\u00e9rience, objectivit\u00e9, rigueur et m\u00e9thodes pour g\u00e9rer les probl\u00e9matiques commerciales dans tous les environnements.&nbsp; <br><br>Les forfaits de coaching d\u2019entreprise peuvent \u00eatre personnalis\u00e9s pour r\u00e9pondre \u00e0 vos besoins sp\u00e9cifiques.<\/p>\n\n\n\n<p><\/p>","protected":false},"excerpt":{"rendered":"<p>La plupart des gens se retrouvent \u00e0 travailler \u00ab dans \u00bb leur entreprise plut\u00f4t que \u00ab sur \u00bb leur entreprise. Les exigences des clients et un march\u00e9 concurrentiel ne permettent souvent pas \u00e0 une entreprise de faire autre chose que de g\u00e9rer les probl\u00e8mes \u00ab quotidiens \u00bb. De nombreux dirigeants de petites et moyennes entreprises n&#039;ont pas les collaborateurs n\u00e9cessaires pour \u00e9changer des id\u00e9es et manquent souvent de leadership.<\/p>","protected":false},"author":1,"featured_media":669,"parent":0,"menu_order":0,"comment_status":"closed","ping_status":"closed","template":"templates\/template-page-full-width.php","meta":{"footnotes":""},"class_list":["post-140","page","type-page","status-publish","has-post-thumbnail","hentry"],"_links":{"self":[{"href":"https:\/\/k2bsolutions.com\/fr\/wp-json\/wp\/v2\/pages\/140","targetHints":{"allow":["GET"]}}],"collection":[{"href":"https:\/\/k2bsolutions.com\/fr\/wp-json\/wp\/v2\/pages"}],"about":[{"href":"https:\/\/k2bsolutions.com\/fr\/wp-json\/wp\/v2\/types\/page"}],"author":[{"embeddable":true,"href":"https:\/\/k2bsolutions.com\/fr\/wp-json\/wp\/v2\/users\/1"}],"replies":[{"embeddable":true,"href":"https:\/\/k2bsolutions.com\/fr\/wp-json\/wp\/v2\/comments?post=140"}],"version-history":[{"count":8,"href":"https:\/\/k2bsolutions.com\/fr\/wp-json\/wp\/v2\/pages\/140\/revisions"}],"predecessor-version":[{"id":716,"href":"https:\/\/k2bsolutions.com\/fr\/wp-json\/wp\/v2\/pages\/140\/revisions\/716"}],"wp:featuredmedia":[{"embeddable":true,"href":"https:\/\/k2bsolutions.com\/fr\/wp-json\/wp\/v2\/media\/669"}],"wp:attachment":[{"href":"https:\/\/k2bsolutions.com\/fr\/wp-json\/wp\/v2\/media?parent=140"}],"curies":[{"name":"wp","href":"https:\/\/api.w.org\/{rel}","templated":true}]}}