{"id":144,"date":"2025-05-31T16:37:13","date_gmt":"2025-05-31T20:37:13","guid":{"rendered":"https:\/\/dev.k2bsolutions.com\/?page_id=144"},"modified":"2025-09-12T16:06:17","modified_gmt":"2025-09-12T20:06:17","slug":"business-focus","status":"publish","type":"page","link":"https:\/\/k2bsolutions.com\/fr\/business-coaching\/business-focus\/","title":{"rendered":"Focus sur les affaires"},"content":{"rendered":"<div class=\"wp-block-buttons is-content-justification-center is-layout-flex wp-container-core-buttons-is-layout-16018d1d wp-block-buttons-is-layout-flex\">\n<div class=\"wp-block-button\"><a class=\"wp-block-button__link has-text-align-center wp-element-button\" href=\"https:\/\/k2bsolutions.com\/fr\/business-coaching\/\">Coaching d&#039;entreprise<\/a><\/div>\n\n\n\n<div class=\"wp-block-button\"><a class=\"wp-block-button__link has-text-align-center wp-element-button\" href=\"https:\/\/k2bsolutions.com\/fr\/business-coaching\/time-management\/\">Gestion du temps<\/a><\/div>\n\n\n\n<div class=\"wp-block-button\"><a class=\"wp-block-button__link has-text-align-center wp-element-button\" href=\"https:\/\/k2bsolutions.com\/fr\/business-coaching\/managing-planning-for-growth\/\">Gestion et planification de la croissance<\/a><\/div>\n<\/div>\n\n\n\n<div class=\"wp-block-group is-nowrap is-layout-flex wp-container-core-group-is-layout-ad2f72ca wp-block-group-is-layout-flex\">\n<p><br>De nombreuses PME sont tellement d\u00e9bord\u00e9es par leurs activit\u00e9s quotidiennes qu&#039;elles semblent incapables d&#039;avancer. Dans le cadre de nos services de coaching, K2 Business Solutions aide ses clients \u00e0 maintenir le cap.<\/p>\n<\/div>\n\n\n\n<p><\/p>\n\n\n\n<p><br><\/p>\n\n\n\n<p><\/p>\n\n\n\n<p>Une fois que nous avons bien compris les objectifs de nos clients, nous \u00e9laborons la structure souvent n\u00e9cessaire \u00e0 la croissance de leur entreprise. En travaillant sur des aspects tels que la gestion du temps, les descriptions de poste, les structures organisationnelles et les t\u00e2ches quotidiennes, K2 Business Solutions apporte la concentration n\u00e9cessaire \u00e0 la croissance.<\/p>\n\n\n\n<p><\/p>","protected":false},"excerpt":{"rendered":"<p>De nombreuses PME sont tellement submerg\u00e9es par leurs activit\u00e9s quotidiennes qu&#039;elles ont l&#039;impression de stagner. Dans le cadre de nos services de coaching, K2 Business Solutions aide ses clients \u00e0 optimiser la gestion de leur entreprise. Apr\u00e8s avoir cern\u00e9 les objectifs de nos clients, nous \u00e9laborons une structure [\u2026]<\/p>","protected":false},"author":1,"featured_media":657,"parent":140,"menu_order":0,"comment_status":"closed","ping_status":"closed","template":"templates\/template-page-full-width.php","meta":{"footnotes":""},"class_list":["post-144","page","type-page","status-publish","has-post-thumbnail","hentry"],"_links":{"self":[{"href":"https:\/\/k2bsolutions.com\/fr\/wp-json\/wp\/v2\/pages\/144","targetHints":{"allow":["GET"]}}],"collection":[{"href":"https:\/\/k2bsolutions.com\/fr\/wp-json\/wp\/v2\/pages"}],"about":[{"href":"https:\/\/k2bsolutions.com\/fr\/wp-json\/wp\/v2\/types\/page"}],"author":[{"embeddable":true,"href":"https:\/\/k2bsolutions.com\/fr\/wp-json\/wp\/v2\/users\/1"}],"replies":[{"embeddable":true,"href":"https:\/\/k2bsolutions.com\/fr\/wp-json\/wp\/v2\/comments?post=144"}],"version-history":[{"count":8,"href":"https:\/\/k2bsolutions.com\/fr\/wp-json\/wp\/v2\/pages\/144\/revisions"}],"predecessor-version":[{"id":713,"href":"https:\/\/k2bsolutions.com\/fr\/wp-json\/wp\/v2\/pages\/144\/revisions\/713"}],"up":[{"embeddable":true,"href":"https:\/\/k2bsolutions.com\/fr\/wp-json\/wp\/v2\/pages\/140"}],"wp:featuredmedia":[{"embeddable":true,"href":"https:\/\/k2bsolutions.com\/fr\/wp-json\/wp\/v2\/media\/657"}],"wp:attachment":[{"href":"https:\/\/k2bsolutions.com\/fr\/wp-json\/wp\/v2\/media?parent=144"}],"curies":[{"name":"wp","href":"https:\/\/api.w.org\/{rel}","templated":true}]}}