{"id":147,"date":"2025-05-31T16:38:26","date_gmt":"2025-05-31T20:38:26","guid":{"rendered":"https:\/\/dev.k2bsolutions.com\/?page_id=147"},"modified":"2025-09-12T16:06:52","modified_gmt":"2025-09-12T20:06:52","slug":"time-management","status":"publish","type":"page","link":"https:\/\/k2bsolutions.com\/fr\/business-coaching\/time-management\/","title":{"rendered":"Gestion du temps"},"content":{"rendered":"<div class=\"wp-block-buttons is-content-justification-center is-layout-flex wp-container-core-buttons-is-layout-16018d1d wp-block-buttons-is-layout-flex\">\n<div class=\"wp-block-button\"><a class=\"wp-block-button__link has-text-align-center wp-element-button\" href=\"https:\/\/k2bsolutions.com\/fr\/business-coaching\/\">Coaching d&#039;entreprise<\/a><\/div>\n\n\n\n<div class=\"wp-block-button\"><a class=\"wp-block-button__link has-text-align-center wp-element-button\" href=\"https:\/\/k2bsolutions.com\/fr\/business-coaching\/business-focus\/\">Focus sur les affaires<\/a><\/div>\n\n\n\n<div class=\"wp-block-button\"><a class=\"wp-block-button__link has-text-align-center wp-element-button\" href=\"https:\/\/k2bsolutions.com\/fr\/business-coaching\/managing-planning-for-growth\/\">Gestion et planification de la croissance<\/a><\/div>\n<\/div>\n\n\n\n<p><br>La plupart des gens n&#039;utilisent pas leur temps efficacement. Ils ont tendance \u00e0 ne pas \u00eatre aussi pr\u00e9par\u00e9s qu&#039;ils le devraient et font souvent les bonnes choses au mauvais moment.<\/p>\n\n\n\n<p><br>Apprendre \u00e0 bien g\u00e9rer son temps est la premi\u00e8re \u00e9tape pour reprendre le contr\u00f4le de son environnement de travail.<\/p>\n\n\n\n<p><br>Le coaching en gestion du temps de K2 Business Solutions vous aidera \u00e0 maximiser votre temps et \u00e0 devenir un ma\u00eetre de votre domaine.<\/p>\n\n\n\n<p><br><strong>Nous nous concentrons sur :<\/strong><br><\/p>\n\n\n\n<ul class=\"wp-block-list\">\n<li>R\u00e9alignement du calendrier<\/li>\n\n\n\n<li>L&#039;importance de la pr\u00e9paration<\/li>\n\n\n\n<li>D\u00e9l\u00e9gation<\/li>\n\n\n\n<li>Cr\u00e9er des outils de gestion du temps<\/li>\n\n\n\n<li>Domaines \u00e0 valeur ajout\u00e9e (li\u00e9s au temps personnel)<\/li>\n<\/ul>","protected":false},"excerpt":{"rendered":"<p>La plupart des gens n&#039;utilisent pas leur temps efficacement. Ils ont tendance \u00e0 \u00eatre moins pr\u00e9par\u00e9s qu&#039;ils ne le devraient et font souvent les bonnes choses au mauvais moment. Apprendre \u00e0 bien g\u00e9rer son temps est la premi\u00e8re \u00e9tape pour reprendre le contr\u00f4le de son environnement de travail. Le coaching en gestion du temps de K2 Business Solutions vous aidera [\u2026]<\/p>","protected":false},"author":1,"featured_media":658,"parent":140,"menu_order":0,"comment_status":"closed","ping_status":"closed","template":"templates\/template-page-full-width.php","meta":{"footnotes":""},"class_list":["post-147","page","type-page","status-publish","has-post-thumbnail","hentry"],"_links":{"self":[{"href":"https:\/\/k2bsolutions.com\/fr\/wp-json\/wp\/v2\/pages\/147","targetHints":{"allow":["GET"]}}],"collection":[{"href":"https:\/\/k2bsolutions.com\/fr\/wp-json\/wp\/v2\/pages"}],"about":[{"href":"https:\/\/k2bsolutions.com\/fr\/wp-json\/wp\/v2\/types\/page"}],"author":[{"embeddable":true,"href":"https:\/\/k2bsolutions.com\/fr\/wp-json\/wp\/v2\/users\/1"}],"replies":[{"embeddable":true,"href":"https:\/\/k2bsolutions.com\/fr\/wp-json\/wp\/v2\/comments?post=147"}],"version-history":[{"count":9,"href":"https:\/\/k2bsolutions.com\/fr\/wp-json\/wp\/v2\/pages\/147\/revisions"}],"predecessor-version":[{"id":714,"href":"https:\/\/k2bsolutions.com\/fr\/wp-json\/wp\/v2\/pages\/147\/revisions\/714"}],"up":[{"embeddable":true,"href":"https:\/\/k2bsolutions.com\/fr\/wp-json\/wp\/v2\/pages\/140"}],"wp:featuredmedia":[{"embeddable":true,"href":"https:\/\/k2bsolutions.com\/fr\/wp-json\/wp\/v2\/media\/658"}],"wp:attachment":[{"href":"https:\/\/k2bsolutions.com\/fr\/wp-json\/wp\/v2\/media?parent=147"}],"curies":[{"name":"wp","href":"https:\/\/api.w.org\/{rel}","templated":true}]}}