{"id":150,"date":"2025-05-31T16:40:10","date_gmt":"2025-05-31T20:40:10","guid":{"rendered":"https:\/\/dev.k2bsolutions.com\/?page_id=150"},"modified":"2025-09-12T16:07:18","modified_gmt":"2025-09-12T20:07:18","slug":"managing-planning-for-growth","status":"publish","type":"page","link":"https:\/\/k2bsolutions.com\/fr\/business-coaching\/managing-planning-for-growth\/","title":{"rendered":"Gestion et planification de la croissance"},"content":{"rendered":"<div class=\"wp-block-buttons is-content-justification-center is-layout-flex wp-container-core-buttons-is-layout-16018d1d wp-block-buttons-is-layout-flex\">\n<div class=\"wp-block-button\"><a class=\"wp-block-button__link has-text-align-center wp-element-button\" href=\"https:\/\/k2bsolutions.com\/fr\/business-coaching\/\">Coaching d&#039;entreprise<\/a><\/div>\n\n\n\n<div class=\"wp-block-button\"><a class=\"wp-block-button__link has-text-align-center wp-element-button\" href=\"https:\/\/k2bsolutions.com\/fr\/business-coaching\/business-focus\/\">Focus sur les affaires<\/a><\/div>\n\n\n\n<div class=\"wp-block-button\"><a class=\"wp-block-button__link has-text-align-center wp-element-button\" href=\"https:\/\/k2bsolutions.com\/fr\/business-coaching\/time-management\/\">Gestion du temps<\/a><\/div>\n<\/div>\n\n\n\n<p><br>L\u2019une des choses les plus difficiles pour les petites et moyennes entreprises est de g\u00e9rer l\u2019augmentation de leur activit\u00e9 et de comprendre l\u2019effet que cela a sur l\u2019ensemble du syst\u00e8me : flux de tr\u00e9sorerie, fonds de roulement, besoins en espace, main-d\u2019\u0153uvre, support client, capacit\u00e9s de production, etc.<\/p>\n\n\n\n<p><\/p>\n\n\n\n<div class=\"wp-block-group is-nowrap is-layout-flex wp-container-core-group-is-layout-ad2f72ca wp-block-group-is-layout-flex\">\n<p><br>K2 Business Solutions se concentre sur tous les aspects \u00e0 prendre en compte pour g\u00e9rer la croissance de votre entreprise. Nous veillons \u00e0 ce que vous soyez conscient des retomb\u00e9es d&#039;une croissance de votre activit\u00e9. <strong>nous vous aidons \u00e0 d\u00e9velopper une base qui peut soutenir la croissance future<\/strong>.&nbsp;&nbsp;<\/p>\n<\/div>\n\n\n\n<p><\/p>","protected":false},"excerpt":{"rendered":"<p>L&#039;une des choses les plus difficiles pour les petites et moyennes entreprises est de g\u00e9rer les augmentations d&#039;activit\u00e9 et de comprendre l&#039;effet que cela a sur l&#039;ensemble du syst\u00e8me : flux de tr\u00e9sorerie, fonds de roulement, besoins en espace, main-d&#039;\u0153uvre, support client, capacit\u00e9s de production, etc. K2 Business Solutions se concentre sur tous les aspects \u00e0 prendre en compte lors de la gestion d&#039;une entreprise [\u2026]<\/p>","protected":false},"author":1,"featured_media":655,"parent":140,"menu_order":0,"comment_status":"closed","ping_status":"closed","template":"templates\/template-page-full-width.php","meta":{"footnotes":""},"class_list":["post-150","page","type-page","status-publish","has-post-thumbnail","hentry"],"_links":{"self":[{"href":"https:\/\/k2bsolutions.com\/fr\/wp-json\/wp\/v2\/pages\/150","targetHints":{"allow":["GET"]}}],"collection":[{"href":"https:\/\/k2bsolutions.com\/fr\/wp-json\/wp\/v2\/pages"}],"about":[{"href":"https:\/\/k2bsolutions.com\/fr\/wp-json\/wp\/v2\/types\/page"}],"author":[{"embeddable":true,"href":"https:\/\/k2bsolutions.com\/fr\/wp-json\/wp\/v2\/users\/1"}],"replies":[{"embeddable":true,"href":"https:\/\/k2bsolutions.com\/fr\/wp-json\/wp\/v2\/comments?post=150"}],"version-history":[{"count":7,"href":"https:\/\/k2bsolutions.com\/fr\/wp-json\/wp\/v2\/pages\/150\/revisions"}],"predecessor-version":[{"id":715,"href":"https:\/\/k2bsolutions.com\/fr\/wp-json\/wp\/v2\/pages\/150\/revisions\/715"}],"up":[{"embeddable":true,"href":"https:\/\/k2bsolutions.com\/fr\/wp-json\/wp\/v2\/pages\/140"}],"wp:featuredmedia":[{"embeddable":true,"href":"https:\/\/k2bsolutions.com\/fr\/wp-json\/wp\/v2\/media\/655"}],"wp:attachment":[{"href":"https:\/\/k2bsolutions.com\/fr\/wp-json\/wp\/v2\/media?parent=150"}],"curies":[{"name":"wp","href":"https:\/\/api.w.org\/{rel}","templated":true}]}}