{"id":17,"date":"2025-05-27T17:05:08","date_gmt":"2025-05-27T21:05:08","guid":{"rendered":"https:\/\/dev.k2bsolutions.com\/home\/"},"modified":"2025-09-09T11:40:52","modified_gmt":"2025-09-09T15:40:52","slug":"home","status":"publish","type":"page","link":"https:\/\/k2bsolutions.com\/fr\/","title":{"rendered":"Accueil"},"content":{"rendered":"<h1 class=\"wp-block-heading alignfull has-text-align-center\">Notre mission est d\u2019aider les entreprises \u00e0 atteindre leur v\u00e9ritable potentiel en \u00e9laborant une strat\u00e9gie, en cr\u00e9ant les outils n\u00e9cessaires et en aidant \u00e0 leur mise en \u0153uvre.<\/h1>\n\n\n\n<p><\/p>","protected":false},"excerpt":{"rendered":"<p>Notre mission est d\u2019aider les entreprises \u00e0 atteindre leur v\u00e9ritable potentiel en \u00e9laborant une strat\u00e9gie, en cr\u00e9ant les outils n\u00e9cessaires et en aidant \u00e0 leur mise en \u0153uvre.<\/p>","protected":false},"author":1,"featured_media":0,"parent":0,"menu_order":0,"comment_status":"closed","ping_status":"closed","template":"templates\/template-frontpage.php","meta":{"footnotes":""},"class_list":["post-17","page","type-page","status-publish","hentry"],"_links":{"self":[{"href":"https:\/\/k2bsolutions.com\/fr\/wp-json\/wp\/v2\/pages\/17","targetHints":{"allow":["GET"]}}],"collection":[{"href":"https:\/\/k2bsolutions.com\/fr\/wp-json\/wp\/v2\/pages"}],"about":[{"href":"https:\/\/k2bsolutions.com\/fr\/wp-json\/wp\/v2\/types\/page"}],"author":[{"embeddable":true,"href":"https:\/\/k2bsolutions.com\/fr\/wp-json\/wp\/v2\/users\/1"}],"replies":[{"embeddable":true,"href":"https:\/\/k2bsolutions.com\/fr\/wp-json\/wp\/v2\/comments?post=17"}],"version-history":[{"count":9,"href":"https:\/\/k2bsolutions.com\/fr\/wp-json\/wp\/v2\/pages\/17\/revisions"}],"predecessor-version":[{"id":487,"href":"https:\/\/k2bsolutions.com\/fr\/wp-json\/wp\/v2\/pages\/17\/revisions\/487"}],"wp:attachment":[{"href":"https:\/\/k2bsolutions.com\/fr\/wp-json\/wp\/v2\/media?parent=17"}],"curies":[{"name":"wp","href":"https:\/\/api.w.org\/{rel}","templated":true}]}}