{"id":183,"date":"2025-05-31T16:55:41","date_gmt":"2025-05-31T20:55:41","guid":{"rendered":"https:\/\/dev.k2bsolutions.com\/?page_id=183"},"modified":"2025-05-31T16:55:41","modified_gmt":"2025-05-31T20:55:41","slug":"web-site-project-coordination","status":"publish","type":"page","link":"https:\/\/k2bsolutions.com\/fr\/web-site-project-coordination\/","title":{"rendered":"Coordination du projet de site Web"},"content":{"rendered":"<div class=\"wp-block-image\">\n<figure class=\"alignright size-full\"><img decoding=\"async\" src=\"https:\/\/k2bsolutions.com\/wp-content\/uploads\/2025\/05\/womMan.jpg\" alt=\"\" class=\"wp-image-184\"\/><\/figure>\n<\/div>\n\n\n<p>Agissant comme lien collaboratif n\u00e9cessaire entre nos clients et le d\u00e9veloppeur Web, K2 Business Solutions minimise les d\u00e9lais, am\u00e9liore les r\u00e9sultats et rationalise l&#039;ensemble du processus de d\u00e9veloppement.<\/p>\n\n\n\n<p>En travaillant en \u00e9troite collaboration avec chaque partie, nous nous assurons que toutes les t\u00e2ches li\u00e9es \u00e0 la construction d\u2019un site sont effectu\u00e9es de mani\u00e8re organis\u00e9e, opportune et efficace.<\/p>","protected":false},"excerpt":{"rendered":"<p>Acting as the necessary collaborative link between our clients and the Web Developer, K2 Business Solutions minimizes the delays, improve the results, and stream-lines the entire development process. Working closely with each party, we make certain that all tasks related to the building of a site are done in an organized, timely and efficient manner.<\/p>","protected":false},"author":1,"featured_media":0,"parent":0,"menu_order":0,"comment_status":"closed","ping_status":"closed","template":"","meta":{"footnotes":""},"class_list":["post-183","page","type-page","status-publish","hentry"],"_links":{"self":[{"href":"https:\/\/k2bsolutions.com\/fr\/wp-json\/wp\/v2\/pages\/183","targetHints":{"allow":["GET"]}}],"collection":[{"href":"https:\/\/k2bsolutions.com\/fr\/wp-json\/wp\/v2\/pages"}],"about":[{"href":"https:\/\/k2bsolutions.com\/fr\/wp-json\/wp\/v2\/types\/page"}],"author":[{"embeddable":true,"href":"https:\/\/k2bsolutions.com\/fr\/wp-json\/wp\/v2\/users\/1"}],"replies":[{"embeddable":true,"href":"https:\/\/k2bsolutions.com\/fr\/wp-json\/wp\/v2\/comments?post=183"}],"version-history":[{"count":1,"href":"https:\/\/k2bsolutions.com\/fr\/wp-json\/wp\/v2\/pages\/183\/revisions"}],"predecessor-version":[{"id":185,"href":"https:\/\/k2bsolutions.com\/fr\/wp-json\/wp\/v2\/pages\/183\/revisions\/185"}],"wp:attachment":[{"href":"https:\/\/k2bsolutions.com\/fr\/wp-json\/wp\/v2\/media?parent=183"}],"curies":[{"name":"wp","href":"https:\/\/api.w.org\/{rel}","templated":true}]}}