{"id":186,"date":"2025-05-31T16:56:56","date_gmt":"2025-05-31T20:56:56","guid":{"rendered":"https:\/\/dev.k2bsolutions.com\/?page_id=186"},"modified":"2025-09-15T10:16:04","modified_gmt":"2025-09-15T14:16:04","slug":"foodservicerestaurants-retail-outlets","status":"publish","type":"page","link":"https:\/\/k2bsolutions.com\/fr\/foodservicerestaurants-retail-outlets\/","title":{"rendered":"Restauration (restaurants et points de vente au d\u00e9tail)"},"content":{"rendered":"<div class=\"wp-block-buttons is-content-justification-center is-layout-flex wp-container-core-buttons-is-layout-16018d1d wp-block-buttons-is-layout-flex\">\n<div class=\"wp-block-button\"><a class=\"wp-block-button__link has-text-align-center wp-element-button\" href=\"https:\/\/k2bsolutions.com\/fr\/foodservicerestaurants-retail-outlets\/hmr-meal-solutions-prepared-foods\/\">HMR : Solutions de repas\/Aliments pr\u00e9par\u00e9s<\/a><\/div>\n\n\n\n<div class=\"wp-block-button\"><a class=\"wp-block-button__link has-text-align-center wp-element-button\" href=\"https:\/\/k2bsolutions.com\/fr\/foodservicerestaurants-retail-outlets\/franchise-planning\/\">Planification de franchise<\/a><\/div>\n<\/div>\n\n\n\n<p><br>En tant que <strong>PESC <\/strong>(Certified Food Service Professional) d\u00e9sign\u00e9 par l&#039;Association nord-am\u00e9ricaine des fabricants d&#039;\u00e9quipements alimentaires <strong>NAFEM<\/strong>Mitch Kastner apporte une valeur ajout\u00e9e consid\u00e9rable. Fort de plus de 40 ans d&#039;exp\u00e9rience dans la restauration, K2 Business Solutions a d\u00e9velopp\u00e9 un r\u00e9seau de contacts en Am\u00e9rique du Nord et dans diverses r\u00e9gions d&#039;Europe, couvrant tous les aspects de la restauration. Si K2 Business Solutions ne conna\u00eet pas la r\u00e9ponse, nous connaissons g\u00e9n\u00e9ralement quelqu&#039;un qui la conna\u00eet.<\/p>\n\n\n\n<p><br>K2 Business Solutions poss\u00e8de une connaissance approfondie des diff\u00e9rentes cha\u00eenes d&#039;approvisionnement du secteur de la restauration. Pour l&#039;approvisionnement en \u00e9quipements et en produits alimentaires, K2 s&#039;appuie sur ses centaines de contacts \u00e0 travers le monde. Son appartenance aux associations et\/ou organisations mentionn\u00e9es ci-dessous t\u00e9moigne de l&#039;\u00e9tendue de la pr\u00e9sence de Mitch Kastner dans le secteur.<\/p>\n\n\n\n<p><br><strong>Les associations li\u00e9es \u00e0 l\u2019industrie comprennent :<\/strong><br><\/p>\n\n\n\n<ul class=\"wp-block-list\">\n<li>MAFSI (Agents des fabricants pour l&#039;industrie de la restauration)<\/li>\n\n\n\n<li>FCSI (Soci\u00e9t\u00e9 internationale des consultants en services alimentaires)<\/li>\n\n\n\n<li>NACS (Association nationale des d\u00e9panneurs)<\/li>\n\n\n\n<li>NAFEM (Association nord-am\u00e9ricaine des fabricants d&#039;\u00e9quipements alimentaires)<\/li>\n\n\n\n<li>NRA (Association nationale des restaurateurs)<\/li>\n\n\n\n<li>IDDBA (Association internationale des produits laitiers, de la charcuterie et de la boulangerie)<\/li>\n<\/ul>\n\n\n\n<p><br><strong>Les domaines d\u2019int\u00e9r\u00eat comprennent :<\/strong><\/p>\n\n\n\n<ul class=\"wp-block-list\">\n<li>D\u00e9veloppement de menus<\/li>\n\n\n\n<li>Approvisionnement en nourriture et en \u00e9quipement<\/li>\n\n\n\n<li>Pr\u00e9paration des aliments<\/li>\n\n\n\n<li>Emballage et \u00e9tiquettes<\/li>\n\n\n\n<li>Aliments casher\/halal<\/li>\n\n\n\n<li>Introduction \u00e0 HAACP et Serve-Safe<\/li>\n<\/ul>","protected":false},"excerpt":{"rendered":"<p>En tant que professionnel certifi\u00e9 des services alimentaires (CFSP) par la NAFEM (North American Association of Food Equipment Manufacturers), Mitch Kastner apporte une r\u00e9elle valeur ajout\u00e9e. Fort de plus de 40 ans d&#039;exp\u00e9rience dans le secteur de la restauration, K2 Business Solutions a d\u00e9velopp\u00e9 un vaste r\u00e9seau de contacts en Am\u00e9rique du Nord et dans plusieurs r\u00e9gions d&#039;Europe, couvrant l&#039;ensemble du secteur.<\/p>","protected":false},"author":1,"featured_media":663,"parent":0,"menu_order":0,"comment_status":"closed","ping_status":"closed","template":"templates\/template-page-full-width.php","meta":{"footnotes":""},"class_list":["post-186","page","type-page","status-publish","has-post-thumbnail","hentry"],"_links":{"self":[{"href":"https:\/\/k2bsolutions.com\/fr\/wp-json\/wp\/v2\/pages\/186","targetHints":{"allow":["GET"]}}],"collection":[{"href":"https:\/\/k2bsolutions.com\/fr\/wp-json\/wp\/v2\/pages"}],"about":[{"href":"https:\/\/k2bsolutions.com\/fr\/wp-json\/wp\/v2\/types\/page"}],"author":[{"embeddable":true,"href":"https:\/\/k2bsolutions.com\/fr\/wp-json\/wp\/v2\/users\/1"}],"replies":[{"embeddable":true,"href":"https:\/\/k2bsolutions.com\/fr\/wp-json\/wp\/v2\/comments?post=186"}],"version-history":[{"count":19,"href":"https:\/\/k2bsolutions.com\/fr\/wp-json\/wp\/v2\/pages\/186\/revisions"}],"predecessor-version":[{"id":730,"href":"https:\/\/k2bsolutions.com\/fr\/wp-json\/wp\/v2\/pages\/186\/revisions\/730"}],"wp:featuredmedia":[{"embeddable":true,"href":"https:\/\/k2bsolutions.com\/fr\/wp-json\/wp\/v2\/media\/663"}],"wp:attachment":[{"href":"https:\/\/k2bsolutions.com\/fr\/wp-json\/wp\/v2\/media?parent=186"}],"curies":[{"name":"wp","href":"https:\/\/api.w.org\/{rel}","templated":true}]}}