{"id":20,"date":"2025-05-27T17:05:08","date_gmt":"2025-05-27T21:05:08","guid":{"rendered":"https:\/\/dev.k2bsolutions.com\/about\/"},"modified":"2025-05-31T16:32:10","modified_gmt":"2025-05-31T20:32:10","slug":"about","status":"publish","type":"page","link":"https:\/\/k2bsolutions.com\/fr\/z-place-holder\/about\/","title":{"rendered":"\u00c0 propos"},"content":{"rendered":"<p>Qu&#039;est-ce que le Lorem Ipsum ?<br \/>\n\t\t\t\t\t\t\t\t\t\t\t\t\t\tLe Lorem Ipsum est simplement du faux texte employ\u00e9 dans la composition et la mise en page avant impression. Il est le faux texte standard de l&#039;industrie depuis le XVIe si\u00e8cle, lorsqu&#039;un imprimeur anonyme assembla une gal\u00e9e de caract\u00e8res pour en faire un recueil de sp\u00e9cimens typographiques. Il a non seulement surv\u00e9cu \u00e0 cinq si\u00e8cles, mais aussi \u00e0 l&#039;av\u00e8nement de la composition \u00e9lectronique, demeurant pratiquement inchang\u00e9. Il a \u00e9t\u00e9 popularis\u00e9 dans les ann\u00e9es 1960 avec la publication de feuilles Letraset contenant des passages du Lorem Ipsum, et plus r\u00e9cemment avec des logiciels de PAO comme Aldus PageMaker incluant des versions du Lorem Ipsum.<br \/>\n\t\t\t\t\t\t\t\t\t\t\t\t\t\t&nbsp;<br \/>\n\t\t\t\t\t\t\t\t\t\t\t\t\t\tPourquoi l&#039;utilisons-nous ?<br \/>\n\t\t\t\t\t\t\t\t\t\t\t\t\t\tIl est bien connu qu&#039;un lecteur sera distrait par le contenu lisible d&#039;une page lorsqu&#039;il examinera sa mise en page. L&#039;int\u00e9r\u00eat du Lorem Ipsum r\u00e9side dans sa distribution de lettres plus ou moins normale, contrairement \u00e0 l&#039;utilisation de \u00ab\u00a0Contenu ici, contenu ici\u00a0\u00bb, ce qui lui conf\u00e8re une apparence lisible en anglais. De nombreux logiciels de PAO et \u00e9diteurs de pages web utilisent d\u00e9sormais le Lorem Ipsum comme mod\u00e8le de texte par d\u00e9faut, et une recherche sur le terme \u00ab\u00a0lorem ipsum\u00a0\u00bb permet de d\u00e9couvrir de nombreux sites web encore balbutiants. Diff\u00e9rentes versions ont \u00e9volu\u00e9 au fil des ans, parfois par accident, parfois volontairement (ajout d&#039;humour, etc.).<br \/>\n\t\t\t\t\t\t\t\t\t\t\t\t\t\t&nbsp;<br \/>\n\t\t\t\t\t\t\t\t\t\t\t\t\t\tD&#039;o\u00f9 vient-il ?<br \/>\n\t\t\t\t\t\t\t\t\t\t\t\t\t\tIl existe de nombreuses variantes de passages du Lorem Ipsum, mais la plupart ont subi des alt\u00e9rations, par exemple par l&#039;ajout d&#039;humour ou l&#039;insertion de mots al\u00e9atoires, qui paraissent peu cr\u00e9dibles. Si vous utilisez un passage du Lorem Ipsum, assurez-vous qu&#039;il ne contient aucun \u00e9l\u00e9ment g\u00eanant cach\u00e9 au milieu du texte. Tous les g\u00e9n\u00e9rateurs de Lorem Ipsum disponibles sur Internet ont tendance \u00e0 r\u00e9p\u00e9ter des fragments pr\u00e9d\u00e9finis si n\u00e9cessaire, ce qui en fait le premier v\u00e9ritable g\u00e9n\u00e9rateur disponible sur Internet. Il utilise un dictionnaire de plus de 200 mots latins, associ\u00e9 \u00e0 quelques structures de phrases mod\u00e8les, pour g\u00e9n\u00e9rer un Lorem Ipsum d&#039;apparence raisonnable. Le Lorem Ipsum g\u00e9n\u00e9r\u00e9 est donc toujours exempt de r\u00e9p\u00e9titions, d&#039;humour, de mots non caract\u00e9ristiques, etc.<br \/>\n\t\t\t\t\t\t\t\t\t\t\t\t\t\t&nbsp;<br \/>\n\t\t\t\t\t\t\t\t\t\t\t\t\t\tPourquoi l&#039;utilisons-nous ?<br \/>\n\t\t\t\t\t\t\t\t\t\t\t\t\t\tIl est bien connu qu&#039;un lecteur sera distrait par le contenu lisible d&#039;une page lorsqu&#039;il examinera sa mise en page. L&#039;int\u00e9r\u00eat du Lorem Ipsum r\u00e9side dans sa distribution de lettres plus ou moins normale, contrairement \u00e0 l&#039;utilisation de \u00ab\u00a0Contenu ici, contenu ici\u00a0\u00bb, ce qui lui conf\u00e8re une apparence lisible en anglais. De nombreux logiciels de PAO et \u00e9diteurs de pages web utilisent d\u00e9sormais le Lorem Ipsum comme mod\u00e8le de texte par d\u00e9faut, et une recherche sur le terme \u00ab\u00a0lorem ipsum\u00a0\u00bb permet de d\u00e9couvrir de nombreux sites web encore balbutiants. Diff\u00e9rentes versions ont \u00e9volu\u00e9 au fil des ans, parfois par accident, parfois volontairement (ajout d&#039;humour, etc.).<br \/>\n\t\t\t\t\t\t\t\t\t\t\t\t\t\t&nbsp;<br \/>\n\t\t\t\t\t\t\t\t\t\t\t\t\t\tD&#039;o\u00f9 vient-il ?<br \/>\n\t\t\t\t\t\t\t\t\t\t\t\t\t\tIl existe de nombreuses variantes de passages du Lorem Ipsum, mais la plupart ont subi des alt\u00e9rations, par exemple par l&#039;ajout d&#039;humour ou l&#039;insertion de mots al\u00e9atoires, qui paraissent peu cr\u00e9dibles. Si vous utilisez un passage du Lorem Ipsum, assurez-vous qu&#039;il ne contient aucun \u00e9l\u00e9ment g\u00eanant cach\u00e9 au milieu du texte. Tous les g\u00e9n\u00e9rateurs de Lorem Ipsum disponibles sur Internet ont tendance \u00e0 r\u00e9p\u00e9ter des fragments pr\u00e9d\u00e9finis si n\u00e9cessaire, ce qui en fait le premier v\u00e9ritable g\u00e9n\u00e9rateur disponible sur Internet. Il utilise un dictionnaire de plus de 200 mots latins, associ\u00e9 \u00e0 quelques structures de phrases mod\u00e8les, pour g\u00e9n\u00e9rer un Lorem Ipsum d&#039;apparence raisonnable. Le Lorem Ipsum g\u00e9n\u00e9r\u00e9 est donc toujours exempt de r\u00e9p\u00e9titions, d&#039;humour, de mots non caract\u00e9ristiques, etc.<\/p>","protected":false},"excerpt":{"rendered":"<p>What is Lorem Ipsum? Lorem Ipsum is simply dummy text of the printing and typesetting industry. Lorem Ipsum has been the industrys standard dummy text ever since the 1500s, when an unknown printer took a galley of type and scrambled it to make a type specimen book. It has survived not only five centuries, but [&hellip;]<\/p>","protected":false},"author":1,"featured_media":0,"parent":123,"menu_order":0,"comment_status":"closed","ping_status":"closed","template":"","meta":{"footnotes":""},"class_list":["post-20","page","type-page","status-publish","hentry"],"_links":{"self":[{"href":"https:\/\/k2bsolutions.com\/fr\/wp-json\/wp\/v2\/pages\/20","targetHints":{"allow":["GET"]}}],"collection":[{"href":"https:\/\/k2bsolutions.com\/fr\/wp-json\/wp\/v2\/pages"}],"about":[{"href":"https:\/\/k2bsolutions.com\/fr\/wp-json\/wp\/v2\/types\/page"}],"author":[{"embeddable":true,"href":"https:\/\/k2bsolutions.com\/fr\/wp-json\/wp\/v2\/users\/1"}],"replies":[{"embeddable":true,"href":"https:\/\/k2bsolutions.com\/fr\/wp-json\/wp\/v2\/comments?post=20"}],"version-history":[{"count":1,"href":"https:\/\/k2bsolutions.com\/fr\/wp-json\/wp\/v2\/pages\/20\/revisions"}],"predecessor-version":[{"id":137,"href":"https:\/\/k2bsolutions.com\/fr\/wp-json\/wp\/v2\/pages\/20\/revisions\/137"}],"up":[{"embeddable":true,"href":"https:\/\/k2bsolutions.com\/fr\/wp-json\/wp\/v2\/pages\/123"}],"wp:attachment":[{"href":"https:\/\/k2bsolutions.com\/fr\/wp-json\/wp\/v2\/media?parent=20"}],"curies":[{"name":"wp","href":"https:\/\/api.w.org\/{rel}","templated":true}]}}