{"id":274,"date":"2025-09-01T15:10:13","date_gmt":"2025-09-01T19:10:13","guid":{"rendered":"https:\/\/dev.k2bsolutions.com\/?page_id=274"},"modified":"2025-09-12T15:39:05","modified_gmt":"2025-09-12T19:39:05","slug":"k%c2%b2onnections","status":"publish","type":"page","link":"https:\/\/k2bsolutions.com\/fr\/k%c2%b2onnections\/","title":{"rendered":"K\u00b2connexions"},"content":{"rendered":"<div class=\"wp-block-buttons is-content-justification-center is-layout-flex wp-container-core-buttons-is-layout-16018d1d wp-block-buttons-is-layout-flex\">\n<div class=\"wp-block-button\"><a class=\"wp-block-button__link wp-element-button\" href=\"https:\/\/k2bsolutions.com\/fr\/k%c2%b2onnections\/manufacturer-related-services\/\">Services li\u00e9s au fabricant<\/a><\/div>\n\n\n\n<div class=\"wp-block-button\"><a class=\"wp-block-button__link has-text-align-center wp-element-button\" href=\"https:\/\/k2bsolutions.com\/fr\/k%c2%b2onnections\/retail-operator-sourcing-services\/\">Services d&#039;approvisionnement pour les d\u00e9taillants et les op\u00e9rateurs<\/a><\/div>\n<\/div>\n\n\n\n<p class=\"has-text-align-center\"><br><\/p>\n\n\n\n<p class=\"has-text-align-center\"><strong><em>R\u00e9unir les fabricants, les d\u00e9taillants et les op\u00e9rateurs<\/em><\/strong><\/p>\n\n\n\n<p><\/p>\n\n\n\n<p><br>Apr\u00e8s plus de 40 ans d\u2019exp\u00e9rience dans le domaine des affaires et de la restauration et dans l\u2019\u00e9tablissement de relations, il est clair que \u00ab qui vous connaissez \u00bb est \u00e9gal et\/ou plus important, dans de nombreuses circonstances, que \u00ab ce que vous savez \u00bb.&nbsp; &nbsp;<\/p>\n\n\n\n<p><br>K2 a construit un formidable r\u00e9seau de d\u00e9cideurs et comprend la dynamique du fonctionnement des segments de march\u00e9 suivants :<\/p>\n\n\n\n<div class=\"wp-block-group is-horizontal is-content-justification-left is-layout-flex wp-container-core-group-is-layout-c39e78a4 wp-block-group-is-layout-flex\">\n<figure class=\"wp-block-table\"><table class=\"has-fixed-layout\"><thead><tr><th class=\"has-text-align-left\" data-align=\"left\"><em>Vente au d\u00e9tail<\/em><\/th><th class=\"has-text-align-left\" data-align=\"left\"><em>Restauration<\/em><\/th><\/tr><\/thead><tbody><tr><td class=\"has-text-align-left\" data-align=\"left\">Supermarch\u00e9s<br>D\u00e9panneurs<br>Pharmacies<br>Magasins \u00e0 grande surface<br>D\u00e9taillants traditionnels<br><\/td><td class=\"has-text-align-left\" data-align=\"left\">Restaurants \u00e0 service complet<br>QSR<br>Cuisines fant\u00f4mes<br>BI<br>Restauration institutionnelle (\u00e9coles et universit\u00e9s) Stades et ar\u00e8nes<\/td><\/tr><\/tbody><\/table><\/figure>\n<\/div>\n\n\n\n<p class=\"has-text-align-left\">En tant que fournisseur, Mitch Kastner poss\u00e8de des ann\u00e9es d&#039;exp\u00e9rience directe avec les organisations suivantes : (Ceci est une liste partielle)<\/p>\n\n\n\n<figure class=\"wp-block-table\"><table class=\"has-fixed-layout\"><thead><tr><th class=\"has-text-align-left\" data-align=\"left\"><em>QSR\/Restaurants<\/em><\/th><th class=\"has-text-align-left\" data-align=\"left\"><em>D\u00e9taillants nord-am\u00e9ricains<\/em><\/th><\/tr><\/thead><tbody><tr><td class=\"has-text-align-left\" data-align=\"left\">McDonald&#039;s<br>KFC<br>M\u00e9tro<br>Merveille<br>Yogen Fruz<br>March\u00e9 de Boston<br>Chalet suisse\/Harvey&#039;s<br>Corral dor\u00e9<br>Torr\u00e9facteurs Kenny Rogers<br><br><strong><u><em>Concepts de marque<\/em><\/u><\/strong><br>Poulet croustillant et croustillant<br>Poulet de Chester<br>Roi du poulet<\/td><td class=\"has-text-align-left\" data-align=\"left\"><em><strong>Clubs de vente en gros<\/strong><\/em><br>Costco<br>Sam&#039;s Club<br>BJ&#039;s<br><br><strong><em>Supermarch\u00e9s<\/em><\/strong><br>HEB<br>Aliments entiers<br>Food Lion<br>Lowes<br>Arr\u00eatez-vous et faites vos achats<br>Gelsons<br>Sobeys<br>M\u00e9tro<br>IGA<\/td><\/tr><\/tbody><\/table><\/figure>\n\n\n\n<p class=\"has-text-align-center\"><\/p>\n\n\n\n<figure class=\"wp-block-table\"><table class=\"has-fixed-layout\"><thead><tr><th class=\"has-text-align-left\" data-align=\"left\"><em>Divers segments<\/em><\/th><th class=\"has-text-align-left\" data-align=\"left\"><em>D\u00e9panneurs<\/em>&nbsp;<\/th><\/tr><\/thead><tbody><tr><td class=\"has-text-align-left\" data-align=\"left\">Cin\u00e9mas<br>Universit\u00e9s<br>Stades et ar\u00e8nes<br>Foires d&#039;\u00c9tat<br>H\u00f4tels<br><\/td><td class=\"has-text-align-left\" data-align=\"left\">7-11<br>Cercle K<br>Pilote<br>Oui\/Allsup<br>EG Am\u00e9rique<br>Canco<br>Esquives<\/td><\/tr><\/tbody><\/table><\/figure>\n\n\n\n<p class=\"has-text-align-center\"><\/p>\n\n\n\n<p><\/p>","protected":false},"excerpt":{"rendered":"<p>R\u00e9unir fabricants, d\u00e9taillants et exploitants. Fort de plus de 40 ans d&#039;exp\u00e9rience dans le commerce et la restauration, et gr\u00e2ce \u00e0 un solide r\u00e9seau de relations, il est clair que, dans bien des cas, les relations sont aussi importantes, voire plus, que les comp\u00e9tences. K2 a b\u00e2ti un vaste r\u00e9seau de d\u00e9cideurs et comprend parfaitement les enjeux qui sous-tendent ce r\u00e9seau.<\/p>","protected":false},"author":1,"featured_media":660,"parent":0,"menu_order":0,"comment_status":"closed","ping_status":"closed","template":"templates\/template-page-full-width.php","meta":{"footnotes":""},"class_list":["post-274","page","type-page","status-publish","has-post-thumbnail","hentry"],"_links":{"self":[{"href":"https:\/\/k2bsolutions.com\/fr\/wp-json\/wp\/v2\/pages\/274","targetHints":{"allow":["GET"]}}],"collection":[{"href":"https:\/\/k2bsolutions.com\/fr\/wp-json\/wp\/v2\/pages"}],"about":[{"href":"https:\/\/k2bsolutions.com\/fr\/wp-json\/wp\/v2\/types\/page"}],"author":[{"embeddable":true,"href":"https:\/\/k2bsolutions.com\/fr\/wp-json\/wp\/v2\/users\/1"}],"replies":[{"embeddable":true,"href":"https:\/\/k2bsolutions.com\/fr\/wp-json\/wp\/v2\/comments?post=274"}],"version-history":[{"count":33,"href":"https:\/\/k2bsolutions.com\/fr\/wp-json\/wp\/v2\/pages\/274\/revisions"}],"predecessor-version":[{"id":692,"href":"https:\/\/k2bsolutions.com\/fr\/wp-json\/wp\/v2\/pages\/274\/revisions\/692"}],"wp:featuredmedia":[{"embeddable":true,"href":"https:\/\/k2bsolutions.com\/fr\/wp-json\/wp\/v2\/media\/660"}],"wp:attachment":[{"href":"https:\/\/k2bsolutions.com\/fr\/wp-json\/wp\/v2\/media?parent=274"}],"curies":[{"name":"wp","href":"https:\/\/api.w.org\/{rel}","templated":true}]}}