{"id":280,"date":"2025-09-01T15:18:36","date_gmt":"2025-09-01T19:18:36","guid":{"rendered":"https:\/\/dev.k2bsolutions.com\/?page_id=280"},"modified":"2025-09-12T15:51:09","modified_gmt":"2025-09-12T19:51:09","slug":"go-to-market-strategy","status":"publish","type":"page","link":"https:\/\/k2bsolutions.com\/fr\/business-development\/go-to-market-strategy\/","title":{"rendered":"Strat\u00e9gie de mise sur le march\u00e9"},"content":{"rendered":"<div class=\"wp-block-buttons is-content-justification-center is-layout-flex wp-container-core-buttons-is-layout-16018d1d wp-block-buttons-is-layout-flex\">\n<div class=\"wp-block-button\"><a class=\"wp-block-button__link has-text-align-center wp-element-button\" href=\"https:\/\/k2bsolutions.com\/fr\/business-development\/\">D\u00e9veloppement des affaires<\/a><\/div>\n\n\n\n<div class=\"wp-block-button\"><a class=\"wp-block-button__link has-text-align-center wp-element-button\" href=\"https:\/\/k2bsolutions.com\/fr\/business-development\/strategic-marketing-plans\/\">Plans de march\u00e9 strat\u00e9giques<\/a><\/div>\n\n\n\n<div class=\"wp-block-button\"><a class=\"wp-block-button__link has-text-align-center wp-element-button\" href=\"https:\/\/k2bsolutions.com\/fr\/business-development\/identification-of-target-markets\/\">Identification des march\u00e9s cibles<\/a><\/div>\n\n\n\n<div class=\"wp-block-button\"><a class=\"wp-block-button__link has-text-align-center wp-element-button\" href=\"https:\/\/k2bsolutions.com\/fr\/business-development\/marketing-tools-materials\/\">Outils et supports marketing<\/a><\/div>\n<\/div>\n\n\n\n<p><br>Quelle est la meilleure fa\u00e7on de commercialiser votre produit\u00a0? C&#039;est la question cruciale. Une fois que vous avez une vision claire du ou des march\u00e9s que vous ciblez, vous pouvez cr\u00e9er votre strat\u00e9gie. <strong>strat\u00e9gie de mise sur le march\u00e9<\/strong>.<\/p>\n\n\n\n<p><br>Nous \u00e9valuerons les diff\u00e9rentes options et \u00e9laborerons une strat\u00e9gie adapt\u00e9e \u00e0 votre entreprise, qui peut inclure l\u2019un des \u00e9l\u00e9ments suivants\u00a0:<br><br><\/p>\n\n\n\n<ol style=\"list-style-type:lower-alpha\" class=\"wp-block-list\">\n<li>Force de vente directe<\/li>\n\n\n\n<li>Repr\u00e9sentants commerciaux externes et\/ou distributeurs<\/li>\n\n\n\n<li>Ventes en ligne (sites transactionnels, Meta et\/ou autres plateformes)<\/li>\n\n\n\n<li>Travailler avec des partenaires strat\u00e9giques<\/li>\n\n\n\n<li>Travailler avec des influenceurs<\/li>\n<\/ol>\n\n\n\n<p><br>K2 Business Solutions peut vous aider <strong>mettre en \u0153uvre<\/strong> et <strong>construire<\/strong> le <strong>solution de mise sur le march\u00e9<\/strong> qui correspond le mieux \u00e0 vos besoins.<\/p>\n\n\n\n<p><br>Si des repr\u00e9sentants commerciaux externes et\/ou des distributeurs (partenaires de support) sont n\u00e9cessaires, K2 Business Solutions peut :&nbsp;<br><br><\/p>\n\n\n\n<ul class=\"wp-block-list\">\n<li>D\u00e9velopper un questionnaire de recherche de partenaires de soutien<\/li>\n\n\n\n<li>Cr\u00e9er un flux de recherche de partenaires d&#039;assistance<\/li>\n\n\n\n<li>Recruter des partenaires de soutien en priorit\u00e9<\/li>\n\n\n\n<li>R\u00e9viser et\/ou cr\u00e9er un accord de partenariat d&#039;assistance<\/li>\n\n\n\n<li>Participer \u00e0 des r\u00e9unions en face \u00e0 face (entretiens) dans des domaines strat\u00e9giques<\/li>\n\n\n\n<li>Travailler avec des partenaires de soutien pour d\u00e9velopper des plans de marketing locaux<\/li>\n\n\n\n<li>R\u00e9viser et\/ou d\u00e9velopper des \u00ab structures de commission \u00bb appropri\u00e9es &nbsp;<\/li>\n<\/ul>","protected":false},"excerpt":{"rendered":"<p>Quelle est la meilleure fa\u00e7on de commercialiser votre produit\u00a0? C\u2019est la question \u00e0 un million de dollars. Une fois que vous avez une vision claire du ou des march\u00e9s que vous ciblez, vous pouvez \u00e9laborer votre strat\u00e9gie de commercialisation. Nous \u00e9valuerons les diff\u00e9rentes options et mettrons au point une strat\u00e9gie adapt\u00e9e \u00e0 votre entreprise, qui peut [\u2026]<\/p>","protected":false},"author":1,"featured_media":668,"parent":71,"menu_order":0,"comment_status":"closed","ping_status":"closed","template":"templates\/template-page-full-width.php","meta":{"footnotes":""},"class_list":["post-280","page","type-page","status-publish","has-post-thumbnail","hentry"],"_links":{"self":[{"href":"https:\/\/k2bsolutions.com\/fr\/wp-json\/wp\/v2\/pages\/280","targetHints":{"allow":["GET"]}}],"collection":[{"href":"https:\/\/k2bsolutions.com\/fr\/wp-json\/wp\/v2\/pages"}],"about":[{"href":"https:\/\/k2bsolutions.com\/fr\/wp-json\/wp\/v2\/types\/page"}],"author":[{"embeddable":true,"href":"https:\/\/k2bsolutions.com\/fr\/wp-json\/wp\/v2\/users\/1"}],"replies":[{"embeddable":true,"href":"https:\/\/k2bsolutions.com\/fr\/wp-json\/wp\/v2\/comments?post=280"}],"version-history":[{"count":7,"href":"https:\/\/k2bsolutions.com\/fr\/wp-json\/wp\/v2\/pages\/280\/revisions"}],"predecessor-version":[{"id":698,"href":"https:\/\/k2bsolutions.com\/fr\/wp-json\/wp\/v2\/pages\/280\/revisions\/698"}],"up":[{"embeddable":true,"href":"https:\/\/k2bsolutions.com\/fr\/wp-json\/wp\/v2\/pages\/71"}],"wp:featuredmedia":[{"embeddable":true,"href":"https:\/\/k2bsolutions.com\/fr\/wp-json\/wp\/v2\/media\/668"}],"wp:attachment":[{"href":"https:\/\/k2bsolutions.com\/fr\/wp-json\/wp\/v2\/media?parent=280"}],"curies":[{"name":"wp","href":"https:\/\/api.w.org\/{rel}","templated":true}]}}