{"id":337,"date":"2025-09-02T13:46:11","date_gmt":"2025-09-02T17:46:11","guid":{"rendered":"https:\/\/dev.k2bsolutions.com\/?page_id=337"},"modified":"2025-09-12T15:58:11","modified_gmt":"2025-09-12T19:58:11","slug":"retail-operator-sourcing-services","status":"publish","type":"page","link":"https:\/\/k2bsolutions.com\/fr\/k%c2%b2onnections\/retail-operator-sourcing-services\/","title":{"rendered":"Services d&#039;approvisionnement pour les d\u00e9taillants et les op\u00e9rateurs"},"content":{"rendered":"<div class=\"wp-block-buttons is-content-justification-center is-layout-flex wp-container-core-buttons-is-layout-16018d1d wp-block-buttons-is-layout-flex\">\n<div class=\"wp-block-button\"><a class=\"wp-block-button__link wp-element-button\" href=\"https:\/\/k2bsolutions.com\/fr\/k%c2%b2onnections\/\">K\u00b2connexions<\/a><\/div>\n\n\n\n<div class=\"wp-block-button\"><a class=\"wp-block-button__link wp-element-button\" href=\"https:\/\/k2bsolutions.com\/fr\/k%c2%b2onnections\/manufacturer-related-services\/\">Services li\u00e9s au fabricant<\/a><\/div>\n<\/div>\n\n\n\n<p class=\"has-text-align-center\"><br><strong><em>Sourcing mondial de produits et\/ou de solutions<\/em><\/strong><\/p>\n\n\n\n<p><\/p>\n\n\n\n<p class=\"has-text-align-left\"><br>Construire des relations solides repose sur la confiance, la transparence et le professionnalisme.&nbsp;<\/p>\n\n\n\n<p><\/p>\n\n\n\n<p><br>K2 intervient en tant que membre de votre \u00e9quipe \u00ab \u00e9largie \u00bb pour vous aider \u00e0 trouver des solutions de tous types. &nbsp;<\/p>\n\n\n\n<p><\/p>\n\n\n\n<p><br><\/p>\n\n\n\n<p>Les domaines d\u2019int\u00e9r\u00eat comprennent, sans toutefois s\u2019y limiter :<\/p>\n\n\n\n<p class=\"has-text-align-left\"><br><strong>Articles \u00e0 revendre :<\/strong> Produits alimentaires, boissons, biens de consommation, articles m\u00e9nagers<\/p>\n\n\n\n<p class=\"has-text-align-left\"><br><strong>Marchandises non destin\u00e9es \u00e0 la revente (GNFR) :<\/strong> \u00c9quipement (pour simplifier les op\u00e9rations), d\u00e9coration (\u00e9clairage, rev\u00eatements de sol, pr\u00e9sentoirs, armoires, syst\u00e8mes de point de vente, signalisation, marketing num\u00e9rique)<\/p>","protected":false},"excerpt":{"rendered":"<p>Approvisionnement mondial en produits et\/ou solutions. La construction de relations solides repose sur la confiance, la transparence et le professionnalisme. K2 s&#039;int\u00e8gre \u00e0 votre \u00e9quipe pour vous aider \u00e0 trouver des solutions de tous types. Nos domaines d&#039;expertise incluent, sans s&#039;y limiter\u00a0: Articles destin\u00e9s \u00e0 la revente\u00a0: produits alimentaires, boissons, biens de consommation, articles m\u00e9nagers. Biens non destin\u00e9s \u00e0 la revente (BNDR)\u00a0: [\u2026]<\/p>","protected":false},"author":1,"featured_media":661,"parent":274,"menu_order":0,"comment_status":"closed","ping_status":"closed","template":"templates\/template-page-full-width.php","meta":{"footnotes":""},"class_list":["post-337","page","type-page","status-publish","has-post-thumbnail","hentry"],"_links":{"self":[{"href":"https:\/\/k2bsolutions.com\/fr\/wp-json\/wp\/v2\/pages\/337","targetHints":{"allow":["GET"]}}],"collection":[{"href":"https:\/\/k2bsolutions.com\/fr\/wp-json\/wp\/v2\/pages"}],"about":[{"href":"https:\/\/k2bsolutions.com\/fr\/wp-json\/wp\/v2\/types\/page"}],"author":[{"embeddable":true,"href":"https:\/\/k2bsolutions.com\/fr\/wp-json\/wp\/v2\/users\/1"}],"replies":[{"embeddable":true,"href":"https:\/\/k2bsolutions.com\/fr\/wp-json\/wp\/v2\/comments?post=337"}],"version-history":[{"count":16,"href":"https:\/\/k2bsolutions.com\/fr\/wp-json\/wp\/v2\/pages\/337\/revisions"}],"predecessor-version":[{"id":707,"href":"https:\/\/k2bsolutions.com\/fr\/wp-json\/wp\/v2\/pages\/337\/revisions\/707"}],"up":[{"embeddable":true,"href":"https:\/\/k2bsolutions.com\/fr\/wp-json\/wp\/v2\/pages\/274"}],"wp:featuredmedia":[{"embeddable":true,"href":"https:\/\/k2bsolutions.com\/fr\/wp-json\/wp\/v2\/media\/661"}],"wp:attachment":[{"href":"https:\/\/k2bsolutions.com\/fr\/wp-json\/wp\/v2\/media?parent=337"}],"curies":[{"name":"wp","href":"https:\/\/api.w.org\/{rel}","templated":true}]}}