{"id":355,"date":"2025-09-02T14:13:47","date_gmt":"2025-09-02T18:13:47","guid":{"rendered":"https:\/\/dev.k2bsolutions.com\/?page_id=355"},"modified":"2025-09-12T16:11:38","modified_gmt":"2025-09-12T20:11:38","slug":"hmr-meal-solutions-prepared-foods","status":"publish","type":"page","link":"https:\/\/k2bsolutions.com\/fr\/foodservicerestaurants-retail-outlets\/hmr-meal-solutions-prepared-foods\/","title":{"rendered":"HMR : Solutions de repas\/Aliments pr\u00e9par\u00e9s"},"content":{"rendered":"<div class=\"wp-block-buttons is-content-justification-center is-layout-flex wp-container-core-buttons-is-layout-16018d1d wp-block-buttons-is-layout-flex\">\n<div class=\"wp-block-button\"><a class=\"wp-block-button__link has-text-align-center wp-element-button\" href=\"https:\/\/k2bsolutions.com\/fr\/foodservicerestaurants-retail-outlets\/\">Restauration (restaurants et points de vente au d\u00e9tail)<\/a><\/div>\n\n\n\n<div class=\"wp-block-button\"><a class=\"wp-block-button__link has-text-align-center wp-element-button\" href=\"https:\/\/k2bsolutions.com\/fr\/foodservicerestaurants-retail-outlets\/franchise-planning\/\">Planification de franchise<\/a><\/div>\n<\/div>\n\n\n\n<p><br>Restauration (restaurants et commerces de d\u00e9tail) : Pour la plupart des gens, le temps est devenu un bien pr\u00e9cieux. Cuisiner s&#039;est peu \u00e0 peu perdu. La plupart des gens ont tendance \u00e0 assembler des ingr\u00e9dients d\u00e9j\u00e0 pr\u00e9par\u00e9s, \u00e0 acheter des plats pr\u00e9par\u00e9s ou \u00e0 manger au restaurant.<\/p>\n\n\n\n<p><br>Au cours des 40 derni\u00e8res ann\u00e9es, Mitch Kastner a eu l&#039;occasion de collaborer avec de nombreux leaders nord-am\u00e9ricains du secteur des solutions de repas. Fort de son exp\u00e9rience aupr\u00e8s de Boston Market, Kenny Rogers Roasters, KFC et de la fine fleur des supermarch\u00e9s, sup\u00e9rettes et clubs de vente en gros nord-am\u00e9ricains, K2 Business Solutions a acquis une solide exp\u00e9rience en solutions de repas et plats pr\u00e9par\u00e9s.&nbsp;<br><br><strong>Les domaines d&#039;int\u00e9r\u00eat comprennent :<\/strong><\/p>\n\n\n\n<ul class=\"wp-block-list\">\n<li>L&#039;importance du marchandisage et de la pr\u00e9sentation<\/li>\n\n\n\n<li>D\u00e9veloppement de menus<\/li>\n\n\n\n<li>Pr\u00e9paration des aliments<\/li>\n\n\n\n<li>G\u00e9rer la \u00ab\u00a0r\u00e9duction\u00a0\u00bb<\/li>\n\n\n\n<li>Programmes de fid\u00e9lisation de la client\u00e8le<\/li>\n<\/ul>\n\n\n\n<p>&nbsp;<br><strong>Renseignez-vous sur nos programmes d&#039;approvisionnement de produits GRATUITS<\/strong><\/p>","protected":false},"excerpt":{"rendered":"<p>Restauration (Restaurants et commerces de d\u00e9tail) : Pour la plupart des gens, le temps est devenu une denr\u00e9e pr\u00e9cieuse. Cuisiner est un art qui se perd peu \u00e0 peu. La plupart des gens pr\u00e9f\u00e8rent assembler des ingr\u00e9dients d\u00e9j\u00e0 pr\u00e9par\u00e9s, acheter des plats cuisin\u00e9s ou aller au restaurant. Au cours des 40 derni\u00e8res ann\u00e9es, Mitch Kastner a eu l&#039;occasion de travailler avec de nombreux \u00e9tablissements en Am\u00e9rique du Nord [\u2026]<\/p>","protected":false},"author":1,"featured_media":675,"parent":186,"menu_order":0,"comment_status":"closed","ping_status":"closed","template":"templates\/template-page-full-width.php","meta":{"footnotes":""},"class_list":["post-355","page","type-page","status-publish","has-post-thumbnail","hentry"],"_links":{"self":[{"href":"https:\/\/k2bsolutions.com\/fr\/wp-json\/wp\/v2\/pages\/355","targetHints":{"allow":["GET"]}}],"collection":[{"href":"https:\/\/k2bsolutions.com\/fr\/wp-json\/wp\/v2\/pages"}],"about":[{"href":"https:\/\/k2bsolutions.com\/fr\/wp-json\/wp\/v2\/types\/page"}],"author":[{"embeddable":true,"href":"https:\/\/k2bsolutions.com\/fr\/wp-json\/wp\/v2\/users\/1"}],"replies":[{"embeddable":true,"href":"https:\/\/k2bsolutions.com\/fr\/wp-json\/wp\/v2\/comments?post=355"}],"version-history":[{"count":8,"href":"https:\/\/k2bsolutions.com\/fr\/wp-json\/wp\/v2\/pages\/355\/revisions"}],"predecessor-version":[{"id":720,"href":"https:\/\/k2bsolutions.com\/fr\/wp-json\/wp\/v2\/pages\/355\/revisions\/720"}],"up":[{"embeddable":true,"href":"https:\/\/k2bsolutions.com\/fr\/wp-json\/wp\/v2\/pages\/186"}],"wp:featuredmedia":[{"embeddable":true,"href":"https:\/\/k2bsolutions.com\/fr\/wp-json\/wp\/v2\/media\/675"}],"wp:attachment":[{"href":"https:\/\/k2bsolutions.com\/fr\/wp-json\/wp\/v2\/media?parent=355"}],"curies":[{"name":"wp","href":"https:\/\/api.w.org\/{rel}","templated":true}]}}