{"id":358,"date":"2025-09-02T14:14:11","date_gmt":"2025-09-02T18:14:11","guid":{"rendered":"https:\/\/dev.k2bsolutions.com\/?page_id=358"},"modified":"2025-09-12T16:12:02","modified_gmt":"2025-09-12T20:12:02","slug":"franchise-planning","status":"publish","type":"page","link":"https:\/\/k2bsolutions.com\/fr\/foodservicerestaurants-retail-outlets\/franchise-planning\/","title":{"rendered":"Planification de franchise"},"content":{"rendered":"<div class=\"wp-block-buttons is-content-justification-center is-layout-flex wp-container-core-buttons-is-layout-16018d1d wp-block-buttons-is-layout-flex\">\n<div class=\"wp-block-button\"><a class=\"wp-block-button__link has-text-align-center wp-element-button\" href=\"https:\/\/k2bsolutions.com\/fr\/foodservicerestaurants-retail-outlets\/\">Restauration (restaurants et points de vente au d\u00e9tail)<\/a><\/div>\n\n\n\n<div class=\"wp-block-button\"><a class=\"wp-block-button__link has-text-align-center wp-element-button\" href=\"https:\/\/k2bsolutions.com\/fr\/foodservicerestaurants-retail-outlets\/hmr-meal-solutions-prepared-foods\/\">HMR : Solutions de repas\/Aliments pr\u00e9par\u00e9s<\/a><\/div>\n<\/div>\n\n\n\n<p><br>Ayant travaill\u00e9 avec certaines des organisations de franchise nord-am\u00e9ricaines les plus importantes et les plus prosp\u00e8res, Mitch Kastner a une vision claire des \u00e9l\u00e9ments importants n\u00e9cessaires pour d\u00e9velopper un concept de franchise r\u00e9ussi.<\/p>\n\n\n\n<p><br><strong>Les domaines d&#039;int\u00e9r\u00eat comprennent :<\/strong><br><br><\/p>\n\n\n\n<ul class=\"wp-block-list\">\n<li>Leadership et vision<\/li>\n\n\n\n<li>D\u00e9velopper une marque<\/li>\n\n\n\n<li>L&#039;importance de la formation et de la cr\u00e9ation de SOP appropri\u00e9es <\/li>\n\n\n\n<li>Comprendre et identifier votre niche de march\u00e9<\/li>\n\n\n\n<li>Syst\u00e8mes et coh\u00e9rence<\/li>\n<\/ul>","protected":false},"excerpt":{"rendered":"<p>Fort de son exp\u00e9rience aupr\u00e8s de certaines des plus grandes et des plus prosp\u00e8res organisations de franchise nord-am\u00e9ricaines, Mitch Kastner poss\u00e8de une vision claire des \u00e9l\u00e9ments essentiels \u00e0 la r\u00e9ussite d&#039;un concept de franchise. Ses principaux domaines d&#039;intervention sont les suivants\u00a0:<\/p>","protected":false},"author":1,"featured_media":659,"parent":186,"menu_order":0,"comment_status":"closed","ping_status":"closed","template":"templates\/template-page-full-width.php","meta":{"footnotes":""},"class_list":["post-358","page","type-page","status-publish","has-post-thumbnail","hentry"],"_links":{"self":[{"href":"https:\/\/k2bsolutions.com\/fr\/wp-json\/wp\/v2\/pages\/358","targetHints":{"allow":["GET"]}}],"collection":[{"href":"https:\/\/k2bsolutions.com\/fr\/wp-json\/wp\/v2\/pages"}],"about":[{"href":"https:\/\/k2bsolutions.com\/fr\/wp-json\/wp\/v2\/types\/page"}],"author":[{"embeddable":true,"href":"https:\/\/k2bsolutions.com\/fr\/wp-json\/wp\/v2\/users\/1"}],"replies":[{"embeddable":true,"href":"https:\/\/k2bsolutions.com\/fr\/wp-json\/wp\/v2\/comments?post=358"}],"version-history":[{"count":7,"href":"https:\/\/k2bsolutions.com\/fr\/wp-json\/wp\/v2\/pages\/358\/revisions"}],"predecessor-version":[{"id":721,"href":"https:\/\/k2bsolutions.com\/fr\/wp-json\/wp\/v2\/pages\/358\/revisions\/721"}],"up":[{"embeddable":true,"href":"https:\/\/k2bsolutions.com\/fr\/wp-json\/wp\/v2\/pages\/186"}],"wp:featuredmedia":[{"embeddable":true,"href":"https:\/\/k2bsolutions.com\/fr\/wp-json\/wp\/v2\/media\/659"}],"wp:attachment":[{"href":"https:\/\/k2bsolutions.com\/fr\/wp-json\/wp\/v2\/media?parent=358"}],"curies":[{"name":"wp","href":"https:\/\/api.w.org\/{rel}","templated":true}]}}