{"id":62,"date":"2025-05-28T15:48:11","date_gmt":"2025-05-28T19:48:11","guid":{"rendered":"https:\/\/dev.k2bsolutions.com\/?page_id=62"},"modified":"2025-09-11T17:07:39","modified_gmt":"2025-09-11T21:07:39","slug":"company-profile","status":"publish","type":"page","link":"https:\/\/k2bsolutions.com\/fr\/home\/company-profile\/","title":{"rendered":"Profil et philosophie de l&#039;entreprise"},"content":{"rendered":"<div class=\"wp-block-image\">\n<figure class=\"alignright size-full is-resized\"><img loading=\"lazy\" decoding=\"async\" width=\"455\" height=\"686\" src=\"https:\/\/k2bsolutions.com\/wp-content\/uploads\/2025\/09\/Mitch-Profile-Pic-2024-Edited-Without-Logo.jpg\" alt=\"\" class=\"wp-image-273\" style=\"width:293px;height:auto\" srcset=\"https:\/\/k2bsolutions.com\/wp-content\/uploads\/2025\/09\/Mitch-Profile-Pic-2024-Edited-Without-Logo.jpg 455w, https:\/\/k2bsolutions.com\/wp-content\/uploads\/2025\/09\/Mitch-Profile-Pic-2024-Edited-Without-Logo-199x300.jpg 199w, https:\/\/k2bsolutions.com\/wp-content\/uploads\/2025\/09\/Mitch-Profile-Pic-2024-Edited-Without-Logo-8x12.jpg 8w\" sizes=\"auto, (max-width: 455px) 100vw, 455px\" \/><\/figure>\n<\/div>\n\n\n<h2 class=\"wp-block-heading\">Profil de l&#039;entreprise<\/h2>\n\n\n\n<p><br>Fond\u00e9e par son pr\u00e9sident, Mitch Kastner, K2 Business Solutions est une soci\u00e9t\u00e9 de conseil en d\u00e9veloppement commercial \u00ab pratique \u00bb qui se concentre sur l&#039;am\u00e9lioration des performances globales des petites et moyennes entreprises.<\/p>\n\n\n\n<p><br>Mitch apporte plus de 40 ans d&#039;exp\u00e9rience entrepreneuriale et d&#039;entreprise ; ayant travaill\u00e9 avec plusieurs entreprises en d\u00e9marrage, des op\u00e9rations de vente au d\u00e9tail, une soci\u00e9t\u00e9 multinationale, une entreprise de distribution internationale et dans plusieurs entreprises de fabrication.<\/p>\n\n\n\n<p><br>Tous les services propos\u00e9s par K2 Business Solutions sont le fruit de l&#039;exp\u00e9rience concr\u00e8te que Mitch a acquise au fil des ans. Homme d&#039;une int\u00e9grit\u00e9 incontest\u00e9e, passionn\u00e9 par la vie, les affaires et la motivation, Mitch apporte enthousiasme, optimisme, objectivit\u00e9 et l&#039;exp\u00e9rience n\u00e9cessaires pour aider tout professionnel ou organisation \u00e0 progresser.\u00a0\u00a0\u00a0<\/p>\n\n\n\n<p><br><strong><a href=\"https:\/\/k2bsolutions.com\/fr\/k%c2%b2onnections\/\" data-type=\"page\" data-id=\"274\">K\u00b2connexions<\/a><\/strong> a \u00e9t\u00e9 cr\u00e9\u00e9 pour tirer parti des nombreuses relations que Mitch a tiss\u00e9es avec ses coll\u00e8gues et contacts au fil des d\u00e9cennies. Veuillez consulter le <strong><a href=\"https:\/\/k2bsolutions.com\/fr\/k%c2%b2onnections\/\" data-type=\"page\" data-id=\"274\">K\u00b2connexions<\/a><\/strong> section pour plus de d\u00e9tails.<\/p>\n\n\n\n<p><\/p>\n\n\n\n<p><\/p>\n\n\n\n<p>&nbsp;<\/p>\n\n\n\n<p><br><\/p>\n\n\n\n<h2 class=\"wp-block-heading\">Philosophie de l&#039;entreprise<\/h2>\n\n\n\n<p><br>La philosophie d&#039;entreprise de K2 Business Solutions est assez simple : notre succ\u00e8s se mesure \u00e0 la qualit\u00e9 des services et des produits, ainsi qu&#039;\u00e0 la performance globale. <strong>Valeur ajout\u00e9e que nous apportons \u00e0 nos clients. &nbsp;<\/strong>Nous allions principes commerciaux fondamentaux et r\u00e9flexion novatrice pour apporter une valeur maximale \u00e0 chaque client. Nous recherchons en permanence une situation gagnant-gagnant-gagnant, o\u00f9 nous traitons chaque client avec respect et examinons chaque situation individuellement.<\/p>\n\n\n\n<p><br>Une fois que nous avons une compr\u00e9hension claire de la situation pr\u00e9cise de nos clients, nous pouvons commencer \u00e0 \u00e9laborer un plan mutuellement acceptable, ax\u00e9 sur des objectifs pr\u00e9cis. Si nous estimons ne pas pouvoir apporter de valeur ajout\u00e9e, nous le communiquerons et mettrons tout en \u0153uvre pour aider nos clients \u00e0 trouver un partenaire capable de r\u00e9pondre \u00e0 leurs besoins. Notre objectif est de devenir un partenaire cl\u00e9 sur la voie de la r\u00e9ussite de nos clients, en alliant notre exp\u00e9rience \u00e0 un solide r\u00e9seau de contacts et de collaborateurs capables de g\u00e9rer presque toutes les situations.<\/p>","protected":false},"excerpt":{"rendered":"<p>Profil de l&#039;entreprise Fond\u00e9e par son pr\u00e9sident, Mitch Kastner, K2 Business Solutions est une soci\u00e9t\u00e9 de conseil en d\u00e9veloppement commercial ax\u00e9e sur l&#039;am\u00e9lioration de la performance globale des PME. Mitch apporte plus de 40 ans d&#039;exp\u00e9rience entrepreneuriale et en entreprise\u00a0; il a travaill\u00e9 avec plusieurs start-ups, des enseignes de distribution, une multinationale, etc.<\/p>","protected":false},"author":1,"featured_media":665,"parent":17,"menu_order":0,"comment_status":"closed","ping_status":"closed","template":"templates\/template-page-full-width.php","meta":{"footnotes":""},"class_list":["post-62","page","type-page","status-publish","has-post-thumbnail","hentry"],"_links":{"self":[{"href":"https:\/\/k2bsolutions.com\/fr\/wp-json\/wp\/v2\/pages\/62","targetHints":{"allow":["GET"]}}],"collection":[{"href":"https:\/\/k2bsolutions.com\/fr\/wp-json\/wp\/v2\/pages"}],"about":[{"href":"https:\/\/k2bsolutions.com\/fr\/wp-json\/wp\/v2\/types\/page"}],"author":[{"embeddable":true,"href":"https:\/\/k2bsolutions.com\/fr\/wp-json\/wp\/v2\/users\/1"}],"replies":[{"embeddable":true,"href":"https:\/\/k2bsolutions.com\/fr\/wp-json\/wp\/v2\/comments?post=62"}],"version-history":[{"count":21,"href":"https:\/\/k2bsolutions.com\/fr\/wp-json\/wp\/v2\/pages\/62\/revisions"}],"predecessor-version":[{"id":638,"href":"https:\/\/k2bsolutions.com\/fr\/wp-json\/wp\/v2\/pages\/62\/revisions\/638"}],"up":[{"embeddable":true,"href":"https:\/\/k2bsolutions.com\/fr\/wp-json\/wp\/v2\/pages\/17"}],"wp:featuredmedia":[{"embeddable":true,"href":"https:\/\/k2bsolutions.com\/fr\/wp-json\/wp\/v2\/media\/665"}],"wp:attachment":[{"href":"https:\/\/k2bsolutions.com\/fr\/wp-json\/wp\/v2\/media?parent=62"}],"curies":[{"name":"wp","href":"https:\/\/api.w.org\/{rel}","templated":true}]}}