{"id":71,"date":"2025-05-28T15:52:43","date_gmt":"2025-05-28T19:52:43","guid":{"rendered":"https:\/\/dev.k2bsolutions.com\/?page_id=71"},"modified":"2025-09-14T14:21:50","modified_gmt":"2025-09-14T18:21:50","slug":"business-development","status":"publish","type":"page","link":"https:\/\/k2bsolutions.com\/fr\/business-development\/","title":{"rendered":"D\u00e9veloppement des affaires"},"content":{"rendered":"<div class=\"wp-block-buttons is-content-justification-center is-layout-flex wp-container-core-buttons-is-layout-16018d1d wp-block-buttons-is-layout-flex\">\n<div class=\"wp-block-button\"><a class=\"wp-block-button__link has-text-align-center wp-element-button\" href=\"https:\/\/k2bsolutions.com\/fr\/business-development\/strategic-marketing-plans\/\">Plans de march\u00e9 strat\u00e9giques<\/a><\/div>\n\n\n\n<div class=\"wp-block-button\"><a class=\"wp-block-button__link has-text-align-center wp-element-button\" href=\"https:\/\/k2bsolutions.com\/fr\/business-development\/identification-of-target-markets\/\">Identification des march\u00e9s cibles<\/a><\/div>\n\n\n\n<div class=\"wp-block-button\"><a class=\"wp-block-button__link has-text-align-center wp-element-button\" href=\"https:\/\/k2bsolutions.com\/fr\/business-development\/go-to-market-strategy\/\">Strat\u00e9gie de mise sur le march\u00e9<\/a><\/div>\n\n\n\n<div class=\"wp-block-button\"><a class=\"wp-block-button__link has-text-align-center wp-element-button\" href=\"https:\/\/k2bsolutions.com\/fr\/business-development\/marketing-tools-materials\/\">Outils et supports marketing<\/a><\/div>\n<\/div>\n\n\n\n<p><\/p>\n\n\n\n<p><br><br><strong>Tr\u00e8s peu d\u2019entreprises se d\u00e9veloppent par hasard.\u00a0<\/strong><\/p>\n\n\n\n<p><br>\u00ab\u00a0D\u00e9veloppement commercial\u00a0\u00bb est une fa\u00e7on \u00e9l\u00e9gante de dire\u00a0: \u00ab\u00a0Travailler sur les moyens de d\u00e9velopper son entreprise.\u00a0\u00bb K2 Business Solutions applique des id\u00e9es concr\u00e8tes et une r\u00e9flexion originale pour augmenter les chances de r\u00e9ussite et r\u00e9duire la d\u00e9pendance au hasard.&nbsp;<\/p>\n\n\n\n<p><br>Nous \u00e9valuons chaque entreprise, la dynamique de son secteur et les personnes de votre organisation pour nous aider \u00e0 formuler une strat\u00e9gie de d\u00e9veloppement commercial qui vous convient.<\/p>","protected":false},"excerpt":{"rendered":"<p>Rares sont les entreprises qui prosp\u00e8rent par hasard. Le \u00ab d\u00e9veloppement commercial \u00bb est une fa\u00e7on \u00e9l\u00e9gante de dire \u00ab chercher des moyens de faire cro\u00eetre son entreprise \u00bb. K2 Business Solutions applique des id\u00e9es concr\u00e8tes et une approche novatrice pour augmenter les chances de succ\u00e8s et r\u00e9duire la d\u00e9pendance au hasard. Nous \u00e9valuons chaque entreprise, la dynamique de son secteur et les personnes qui composent son organisation [\u2026]<\/p>","protected":false},"author":1,"featured_media":670,"parent":0,"menu_order":0,"comment_status":"closed","ping_status":"closed","template":"templates\/template-page-full-width.php","meta":{"footnotes":""},"class_list":["post-71","page","type-page","status-publish","has-post-thumbnail","hentry"],"_links":{"self":[{"href":"https:\/\/k2bsolutions.com\/fr\/wp-json\/wp\/v2\/pages\/71","targetHints":{"allow":["GET"]}}],"collection":[{"href":"https:\/\/k2bsolutions.com\/fr\/wp-json\/wp\/v2\/pages"}],"about":[{"href":"https:\/\/k2bsolutions.com\/fr\/wp-json\/wp\/v2\/types\/page"}],"author":[{"embeddable":true,"href":"https:\/\/k2bsolutions.com\/fr\/wp-json\/wp\/v2\/users\/1"}],"replies":[{"embeddable":true,"href":"https:\/\/k2bsolutions.com\/fr\/wp-json\/wp\/v2\/comments?post=71"}],"version-history":[{"count":14,"href":"https:\/\/k2bsolutions.com\/fr\/wp-json\/wp\/v2\/pages\/71\/revisions"}],"predecessor-version":[{"id":727,"href":"https:\/\/k2bsolutions.com\/fr\/wp-json\/wp\/v2\/pages\/71\/revisions\/727"}],"wp:featuredmedia":[{"embeddable":true,"href":"https:\/\/k2bsolutions.com\/fr\/wp-json\/wp\/v2\/media\/670"}],"wp:attachment":[{"href":"https:\/\/k2bsolutions.com\/fr\/wp-json\/wp\/v2\/media?parent=71"}],"curies":[{"name":"wp","href":"https:\/\/api.w.org\/{rel}","templated":true}]}}