{"id":75,"date":"2025-05-28T15:56:17","date_gmt":"2025-05-28T19:56:17","guid":{"rendered":"https:\/\/dev.k2bsolutions.com\/?page_id=75"},"modified":"2025-09-12T15:50:10","modified_gmt":"2025-09-12T19:50:10","slug":"strategic-marketing-plans","status":"publish","type":"page","link":"https:\/\/k2bsolutions.com\/fr\/business-development\/strategic-marketing-plans\/","title":{"rendered":"Plans de marketing strat\u00e9gique"},"content":{"rendered":"<div class=\"wp-block-buttons is-content-justification-center is-layout-flex wp-container-core-buttons-is-layout-16018d1d wp-block-buttons-is-layout-flex\">\n<div class=\"wp-block-button\"><a class=\"wp-block-button__link has-text-align-center wp-element-button\" href=\"https:\/\/k2bsolutions.com\/fr\/business-development\/\">D\u00e9veloppement des affaires<\/a><\/div>\n\n\n\n<div class=\"wp-block-button\"><a class=\"wp-block-button__link has-text-align-center wp-element-button\" href=\"https:\/\/k2bsolutions.com\/fr\/business-development\/identification-of-target-markets\/\">Identification des march\u00e9s cibles<\/a><\/div>\n\n\n\n<div class=\"wp-block-button\"><a class=\"wp-block-button__link has-text-align-center wp-element-button\" href=\"https:\/\/k2bsolutions.com\/fr\/business-development\/go-to-market-strategy\/\">Strat\u00e9gie de mise sur le march\u00e9<\/a><\/div>\n\n\n\n<div class=\"wp-block-button\"><a class=\"wp-block-button__link has-text-align-center wp-element-button\" href=\"https:\/\/k2bsolutions.com\/fr\/business-development\/marketing-tools-materials\/\">Outils et supports marketing<\/a><\/div>\n<\/div>\n\n\n\n<p><br>Toute entreprise devrait avoir un plan et une strat\u00e9gie d\u00e9finissant sa direction. Un plan peut prendre la forme d&#039;un simple document d&#039;une page ou d&#039;un plan d\u00e9taill\u00e9 d\u00e9taillant les strat\u00e9gies marketing et la structure de l&#039;organisation. Un plan clair pour partager sa vision simplifie grandement la d\u00e9finition de l&#039;orientation et des priorit\u00e9s. Quels que soient la taille et les objectifs de votre entreprise, un plan solide et flexible augmentera vos chances de r\u00e9ussite.<\/p>\n\n\n\n<p><br>Gr\u00e2ce \u00e0 un processus interactif, K2 Business Solutions vous aidera \u00e0 \u00e9laborer un plan r\u00e9aliste et adapt\u00e9 \u00e0 votre entreprise. En nous concentrant sur vos objectifs \u00e0 court et moyen terme, nous d\u00e9finirons ensuite les domaines et aspects de votre entreprise \u00e0 d\u00e9velopper pour assurer votre r\u00e9ussite.<\/p>","protected":false},"excerpt":{"rendered":"<p>Toute entreprise devrait avoir un plan et une strat\u00e9gie d\u00e9finissant ses objectifs. Ces plans peuvent prendre la forme d&#039;un simple document d&#039;une page ou d&#039;un document d\u00e9taill\u00e9 pr\u00e9sentant les strat\u00e9gies marketing et la structure de l&#039;organisation. Un plan clair simplifie consid\u00e9rablement la direction et la concentration des efforts.<\/p>","protected":false},"author":1,"featured_media":673,"parent":71,"menu_order":0,"comment_status":"closed","ping_status":"closed","template":"templates\/template-page-full-width.php","meta":{"footnotes":""},"class_list":["post-75","page","type-page","status-publish","has-post-thumbnail","hentry"],"_links":{"self":[{"href":"https:\/\/k2bsolutions.com\/fr\/wp-json\/wp\/v2\/pages\/75","targetHints":{"allow":["GET"]}}],"collection":[{"href":"https:\/\/k2bsolutions.com\/fr\/wp-json\/wp\/v2\/pages"}],"about":[{"href":"https:\/\/k2bsolutions.com\/fr\/wp-json\/wp\/v2\/types\/page"}],"author":[{"embeddable":true,"href":"https:\/\/k2bsolutions.com\/fr\/wp-json\/wp\/v2\/users\/1"}],"replies":[{"embeddable":true,"href":"https:\/\/k2bsolutions.com\/fr\/wp-json\/wp\/v2\/comments?post=75"}],"version-history":[{"count":6,"href":"https:\/\/k2bsolutions.com\/fr\/wp-json\/wp\/v2\/pages\/75\/revisions"}],"predecessor-version":[{"id":696,"href":"https:\/\/k2bsolutions.com\/fr\/wp-json\/wp\/v2\/pages\/75\/revisions\/696"}],"up":[{"embeddable":true,"href":"https:\/\/k2bsolutions.com\/fr\/wp-json\/wp\/v2\/pages\/71"}],"wp:featuredmedia":[{"embeddable":true,"href":"https:\/\/k2bsolutions.com\/fr\/wp-json\/wp\/v2\/media\/673"}],"wp:attachment":[{"href":"https:\/\/k2bsolutions.com\/fr\/wp-json\/wp\/v2\/media?parent=75"}],"curies":[{"name":"wp","href":"https:\/\/api.w.org\/{rel}","templated":true}]}}