{"id":78,"date":"2025-05-28T15:58:32","date_gmt":"2025-05-28T19:58:32","guid":{"rendered":"https:\/\/dev.k2bsolutions.com\/?page_id=78"},"modified":"2025-09-12T15:50:37","modified_gmt":"2025-09-12T19:50:37","slug":"identification-of-target-markets","status":"publish","type":"page","link":"https:\/\/k2bsolutions.com\/fr\/business-development\/identification-of-target-markets\/","title":{"rendered":"Identification des march\u00e9s cibles"},"content":{"rendered":"<div class=\"wp-block-buttons is-content-justification-center is-layout-flex wp-container-core-buttons-is-layout-16018d1d wp-block-buttons-is-layout-flex\">\n<div class=\"wp-block-button\"><a class=\"wp-block-button__link has-text-align-center wp-element-button\" href=\"https:\/\/k2bsolutions.com\/fr\/business-development\/\">D\u00e9veloppement des affaires<\/a><\/div>\n\n\n\n<div class=\"wp-block-button\"><a class=\"wp-block-button__link has-text-align-center wp-element-button\" href=\"https:\/\/k2bsolutions.com\/fr\/business-development\/strategic-marketing-plans\/\">Plans de march\u00e9 strat\u00e9giques<\/a><\/div>\n\n\n\n<div class=\"wp-block-button\"><a class=\"wp-block-button__link has-text-align-center wp-element-button\" href=\"https:\/\/k2bsolutions.com\/fr\/business-development\/go-to-market-strategy\/\">Strat\u00e9gie de mise sur le march\u00e9<\/a><\/div>\n\n\n\n<div class=\"wp-block-button\"><a class=\"wp-block-button__link has-text-align-center wp-element-button\" href=\"https:\/\/k2bsolutions.com\/fr\/business-development\/marketing-tools-materials\/\">Outils et supports marketing<\/a><\/div>\n<\/div>\n\n\n\n<p><br>La croissance et l&#039;expansion sont difficiles pour de nombreuses entreprises. Il est important de comprendre le type de client\u00e8le le plus adapt\u00e9 \u00e0 votre produit\/service. Vous risquez de perdre beaucoup de temps et d&#039;argent si vous ne comprenez pas clairement \u00e0 qui votre entreprise s&#039;adresse.<\/p>\n\n\n\n<p><br>K2 Business Solutions \u00e9laborera un cadre et des crit\u00e8res sp\u00e9cifiques pour vous aider \u00e0 identifier les entreprises et les segments d&#039;activit\u00e9 pertinents sur lesquels vous concentrer. Une fois que vous aurez une vision claire de votre <strong>public cible<\/strong>, vous pouvez commencer \u00e0 r\u00e9fl\u00e9chir aux meilleures m\u00e9thodes pour acc\u00e9der au march\u00e9.<br><br><\/p>\n\n\n\n<p>Une partie de ce processus comprend :<br><br><\/p>\n\n\n\n<ul class=\"wp-block-list\">\n<li>Une \u00e9valuation r\u00e9aliste des capacit\u00e9s de production, de distribution et\/ou de service de votre entreprise<\/li>\n\n\n\n<li>D\u00e9terminer quels segments de march\u00e9 doivent \u00eatre examin\u00e9s<\/li>\n\n\n\n<li>\u00c9tablir un crit\u00e8re utilis\u00e9 pour d\u00e9finir un objectif sp\u00e9cifique <strong>march\u00e9 cible<\/strong> (par taille et d\u00e9mographie)<\/li>\n\n\n\n<li>Identifier ces cibles au sein du ou des march\u00e9s cibles sp\u00e9cifiques<\/li>\n\n\n\n<li>\u00c9laborer un plan d\u2019action pour chaque produit et\/ou service con\u00e7u pour p\u00e9n\u00e9trer efficacement le(s) march\u00e9(s) s\u00e9lectionn\u00e9(s) par client, territoire, segment d\u2019industrie, etc.<\/li>\n<\/ul>\n\n\n\n<p><br><\/p>","protected":false},"excerpt":{"rendered":"<p>La croissance et l&#039;expansion sont difficiles pour de nombreuses entreprises. Il est essentiel de comprendre le type de client le mieux adapt\u00e9 \u00e0 votre produit ou service. Sans une vision claire de votre client\u00e8le cible, vous risquez de perdre beaucoup de temps et d&#039;argent. K2 Business Solutions vous accompagne dans l&#039;\u00e9laboration d&#039;une strat\u00e9gie personnalis\u00e9e.<\/p>","protected":false},"author":1,"featured_media":672,"parent":71,"menu_order":0,"comment_status":"closed","ping_status":"closed","template":"templates\/template-page-full-width.php","meta":{"footnotes":""},"class_list":["post-78","page","type-page","status-publish","has-post-thumbnail","hentry"],"_links":{"self":[{"href":"https:\/\/k2bsolutions.com\/fr\/wp-json\/wp\/v2\/pages\/78","targetHints":{"allow":["GET"]}}],"collection":[{"href":"https:\/\/k2bsolutions.com\/fr\/wp-json\/wp\/v2\/pages"}],"about":[{"href":"https:\/\/k2bsolutions.com\/fr\/wp-json\/wp\/v2\/types\/page"}],"author":[{"embeddable":true,"href":"https:\/\/k2bsolutions.com\/fr\/wp-json\/wp\/v2\/users\/1"}],"replies":[{"embeddable":true,"href":"https:\/\/k2bsolutions.com\/fr\/wp-json\/wp\/v2\/comments?post=78"}],"version-history":[{"count":12,"href":"https:\/\/k2bsolutions.com\/fr\/wp-json\/wp\/v2\/pages\/78\/revisions"}],"predecessor-version":[{"id":697,"href":"https:\/\/k2bsolutions.com\/fr\/wp-json\/wp\/v2\/pages\/78\/revisions\/697"}],"up":[{"embeddable":true,"href":"https:\/\/k2bsolutions.com\/fr\/wp-json\/wp\/v2\/pages\/71"}],"wp:featuredmedia":[{"embeddable":true,"href":"https:\/\/k2bsolutions.com\/fr\/wp-json\/wp\/v2\/media\/672"}],"wp:attachment":[{"href":"https:\/\/k2bsolutions.com\/fr\/wp-json\/wp\/v2\/media?parent=78"}],"curies":[{"name":"wp","href":"https:\/\/api.w.org\/{rel}","templated":true}]}}