{"id":88,"date":"2025-05-28T16:02:07","date_gmt":"2025-05-28T20:02:07","guid":{"rendered":"https:\/\/dev.k2bsolutions.com\/?page_id=88"},"modified":"2025-09-12T15:51:44","modified_gmt":"2025-09-12T19:51:44","slug":"marketing-tools-materials","status":"publish","type":"page","link":"https:\/\/k2bsolutions.com\/fr\/business-development\/marketing-tools-materials\/","title":{"rendered":"Outils et supports marketing"},"content":{"rendered":"<div class=\"wp-block-buttons is-content-justification-center is-layout-flex wp-container-core-buttons-is-layout-16018d1d wp-block-buttons-is-layout-flex\">\n<div class=\"wp-block-button\"><a class=\"wp-block-button__link has-text-align-center wp-element-button\" href=\"https:\/\/k2bsolutions.com\/fr\/business-development\/\">D\u00e9veloppement des affaires<\/a><\/div>\n\n\n\n<div class=\"wp-block-button\"><a class=\"wp-block-button__link has-text-align-center wp-element-button\" href=\"https:\/\/k2bsolutions.com\/fr\/business-development\/strategic-marketing-plans\/\">Plans de march\u00e9 strat\u00e9giques<\/a><\/div>\n\n\n\n<div class=\"wp-block-button\"><a class=\"wp-block-button__link has-text-align-center wp-element-button\" href=\"https:\/\/k2bsolutions.com\/fr\/business-development\/identification-of-target-markets\/\">Identification des march\u00e9s cibles<\/a><\/div>\n\n\n\n<div class=\"wp-block-button\"><a class=\"wp-block-button__link has-text-align-center wp-element-button\" href=\"https:\/\/k2bsolutions.com\/fr\/business-development\/go-to-market-strategy\/\">Strat\u00e9gie de mise sur le march\u00e9<\/a><\/div>\n<\/div>\n\n\n\n<p><br>Que vous le vouliez ou non, les outils et supports marketing que vous utilisez contribuent \u00e0 donner une image de votre entreprise au monde ext\u00e9rieur. Il est essentiel que toute communication externe soit r\u00e9alis\u00e9e de mani\u00e8re professionnelle et refl\u00e8te l&#039;image que vous souhaitez v\u00e9hiculer.<\/p>\n\n\n\n<p><br>K2 Business Solutions ne se contentera pas d\u2019examiner vos outils et supports marketing actuels, nous identifierons \u00e9galement ceux qui contribueront le mieux \u00e0 faire passer votre message.<\/p>\n\n\n\n<p><br><strong>Les domaines d&#039;int\u00e9r\u00eat sont les suivants :<\/strong><br><br><\/p>\n\n\n\n<ul class=\"wp-block-list\">\n<li>Mat\u00e9riel standard : en-t\u00eates de lettre de r\u00e9vision, r\u00e9ponses par courrier \u00e9lectronique, etc.<\/li>\n\n\n\n<li>Brochures et documents commerciaux : examinez ceux qui existent actuellement et\/ou cr\u00e9ez ceux qui sont n\u00e9cessaires pour faire passer votre message<\/li>\n\n\n\n<li>LinkedIn\u00a0: Il s&#039;agit d&#039;un outil marketing puissant et peu co\u00fbteux que de nombreuses entreprises n&#039;exploitent pas correctement. K2 vous montrera comment utiliser LinkedIn pour g\u00e9n\u00e9rer des prospects et susciter l&#039;int\u00e9r\u00eat pour vos produits et\/ou services.<\/li>\n\n\n\n<li>Opportunit\u00e9s publicitaires : identifier, rechercher et cr\u00e9er le mat\u00e9riel n\u00e9cessaire<\/li>\n\n\n\n<li>Salons professionnels : \u00e9tablir des objectifs, revoir la conception du stand et identifier les exigences \u00ab avant \u00bb et \u00ab apr\u00e8s \u00bb le salon&nbsp;<\/li>\n\n\n\n<li>Newsletters : cr\u00e9ez le v\u00e9hicule de communication n\u00e9cessaire pour parler avec vos clients et vos partenaires de support<\/li>\n<\/ul>","protected":false},"excerpt":{"rendered":"<p>Que cela vous plaise ou non, les outils et supports marketing que vous utilisez contribuent \u00e0 fa\u00e7onner l&#039;image que le monde ext\u00e9rieur se fait de votre entreprise. Il est donc essentiel que toute communication externe soit r\u00e9alis\u00e9e de mani\u00e8re professionnelle et refl\u00e8te l&#039;image que vous souhaitez projeter. K2 Business Solutions ne se contente pas de cela\u00a0[\u2026]<\/p>","protected":false},"author":1,"featured_media":674,"parent":71,"menu_order":0,"comment_status":"closed","ping_status":"closed","template":"templates\/template-page-full-width.php","meta":{"footnotes":""},"class_list":["post-88","page","type-page","status-publish","has-post-thumbnail","hentry"],"_links":{"self":[{"href":"https:\/\/k2bsolutions.com\/fr\/wp-json\/wp\/v2\/pages\/88","targetHints":{"allow":["GET"]}}],"collection":[{"href":"https:\/\/k2bsolutions.com\/fr\/wp-json\/wp\/v2\/pages"}],"about":[{"href":"https:\/\/k2bsolutions.com\/fr\/wp-json\/wp\/v2\/types\/page"}],"author":[{"embeddable":true,"href":"https:\/\/k2bsolutions.com\/fr\/wp-json\/wp\/v2\/users\/1"}],"replies":[{"embeddable":true,"href":"https:\/\/k2bsolutions.com\/fr\/wp-json\/wp\/v2\/comments?post=88"}],"version-history":[{"count":10,"href":"https:\/\/k2bsolutions.com\/fr\/wp-json\/wp\/v2\/pages\/88\/revisions"}],"predecessor-version":[{"id":699,"href":"https:\/\/k2bsolutions.com\/fr\/wp-json\/wp\/v2\/pages\/88\/revisions\/699"}],"up":[{"embeddable":true,"href":"https:\/\/k2bsolutions.com\/fr\/wp-json\/wp\/v2\/pages\/71"}],"wp:featuredmedia":[{"embeddable":true,"href":"https:\/\/k2bsolutions.com\/fr\/wp-json\/wp\/v2\/media\/674"}],"wp:attachment":[{"href":"https:\/\/k2bsolutions.com\/fr\/wp-json\/wp\/v2\/media?parent=88"}],"curies":[{"name":"wp","href":"https:\/\/api.w.org\/{rel}","templated":true}]}}